{"id":9948,"date":"2022-10-26T15:43:20","date_gmt":"2022-10-26T20:43:20","guid":{"rendered":"http:\/\/www.thepuertovallartaairport.com\/?page_id=9948"},"modified":"2024-09-23T04:57:33","modified_gmt":"2024-09-23T10:57:33","slug":"oteller","status":"publish","type":"page","link":"https:\/\/theistanbulairport.com\/tr\/hotels\/","title":{"rendered":"Oteller"},"content":{"rendered":"<div class=\"gb-container gb-container-45c53db7\"><div class=\"gb-inside-container\">\n<div class=\"gb-grid-wrapper gb-grid-wrapper-3c972399\">\n<div class=\"gb-grid-column gb-grid-column-ed746e96\"><div class=\"gb-container gb-container-ed746e96\"><div class=\"gb-inside-container\">\n\n<figure class=\"gb-block-image gb-block-image-43dff1a7\"><img loading=\"lazy\" decoding=\"async\" width=\"960\" height=\"640\" class=\"gb-image gb-image-43dff1a7\" src=\"https:\/\/theistanbulairport.com\/wp-content\/uploads\/2023\/09\/Istanbul-Hotels.jpg\" alt=\"\u0130stanbul Otelleri\" title=\"\u0130stanbul Otelleri\" srcset=\"https:\/\/theistanbulairport.com\/wp-content\/uploads\/2023\/09\/Istanbul-Hotels.jpg 960w, https:\/\/theistanbulairport.com\/wp-content\/uploads\/2023\/09\/Istanbul-Hotels-300x200.jpg 300w, https:\/\/theistanbulairport.com\/wp-content\/uploads\/2023\/09\/Istanbul-Hotels-768x512.jpg 768w\" sizes=\"auto, (max-width: 960px) 100vw, 960px\" \/><\/figure>\n\n<\/div><\/div><\/div>\n\n<div class=\"gb-grid-column gb-grid-column-e297ea4b\"><div class=\"gb-container gb-container-e297ea4b\"><div class=\"gb-inside-container\">\n\n<h2 class=\"gb-headline gb-headline-5815e6f6 gb-headline-text\">\u0130stanbul'deki oteller<\/h2>\n\n\n\n<p>A\u015fa\u011f\u0131da verilen haritaya g\u00f6z atarak \u0130stanbul'daki en iyi otelleri ke\u015ffedin.<\/p>\n\n\n\n<p>\u00d6n\u00fcm\u00fczdeki g\u00fcnlerde \u0130stanbul'a seyahat etmeyi d\u00fc\u015f\u00fcn\u00fcyorsan\u0131z, \u00f6zellikle \u015fehrin hareketli do\u011fas\u0131 ve en yo\u011fun turizm sezonlar\u0131 (Nisan-Haziran ve Eyl\u00fcl-Kas\u0131m) g\u00f6z \u00f6n\u00fcnde bulunduruldu\u011funda, konaklama yerinizi \u00f6nceden g\u00fcvence alt\u0131na alman\u0131z\u0131 \u015fiddetle tavsiye ederiz.<\/p>\n\n\n\n<p>A\u015fa\u011f\u0131da, \u0130stanbul Havaliman\u0131'na ve \u015fehrin \u00f6nemli cazibe merkezlerine yak\u0131n konumda bulunan \u0130stanbul'un \u00f6nde gelen otellerini g\u00f6steren interaktif bir harita bulacaks\u0131n\u0131z.<\/p>\n\n\n<div class=\"gb-button-wrapper gb-button-wrapper-4c029d79\">\n\n<a class=\"gb-button gb-button-d176e36b\" href=\"https:\/\/www.booking.com\/searchresults.xu.html?city=-755070&amp;aid=2394361&amp;no_rooms=1&amp;group_adults=2&amp;label=istairport\" target=\"_blank\" rel=\"nofollow noopener noreferrer\"><span class=\"gb-button-text\">En y\u00fcksek puan alan \u0130stanbul otellerini g\u00f6r\u00fcnt\u00fcleyin<\/span><span class=\"gb-icon\"><svg viewbox=\"0 0 32 32\" xmlns:xlink=\"http:\/\/www.w3.org\/1999\/xlink\" xmlns=\"http:\/\/www.w3.org\/2000\/svg\"><g fill=\"none\"><path fill=\"currentColor\" d=\"M3 16a1 1 0 0 1 1-1h21.586l-8.293-8.293a1 1 0 0 1 1.414-1.414l10 10a1 1 0 0 1 0 1.414l-10 10a1 1 0 0 1-1.414-1.414L25.586 17H4a1 1 0 0 1-1-1z\"><\/path><\/g><\/svg><\/span><\/a>\n\n<\/div>\n<\/div><\/div><\/div>\n<\/div>\n<\/div><\/div>\n\n<div class=\"gb-container gb-container-e124d9b5\"><div class=\"gb-inside-container\">\n\n<hr class=\"wp-block-separator has-text-color has-contrast-3-color has-alpha-channel-opacity has-contrast-3-background-color has-background\"\/>\n\n<\/div><\/div>\n\n<div class=\"gb-container gb-container-3bc96652\"><div class=\"gb-inside-container\">\n\n<script src=\"https:\/\/www.booking.com\/affiliate\/prelanding_sdk\"><\/script>\n  \n  <div id=\"bookingAffiliateWidget_a4254a78-43e9-46d9-b86c-a3ab7f22a19d\">&nbsp;<\/div>\n  \n  <script>\n      (function () {\n          var BookingAffiliateWidget = new Booking.AffiliateWidget({\n  \"iframeSettings\": {\n    \"selector\": \"bookingAffiliateWidget_a4254a78-43e9-46d9-b86c-a3ab7f22a19d\",\n    \"responsive\": true\n  },\n  \"widgetSettings\": {\n    \"ss\": \"Istanbul, Marmara Region, Turkey\",\n    \"latitude\": 41.00817,\n    \"longitude\": 28.974445,\n    \"zoom\": 13\n  }\n});\n      })();\n  <\/script>\n\n<\/div><\/div>","protected":false},"excerpt":{"rendered":"<p>&nbsp;<\/p>","protected":false},"author":1,"featured_media":0,"parent":0,"menu_order":0,"comment_status":"closed","ping_status":"open","template":"","meta":{"_monsterinsights_skip_tracking":false,"_monsterinsights_sitenote_active":false,"_monsterinsights_sitenote_note":"","_monsterinsights_sitenote_category":0,"footnotes":""},"class_list":["post-9948","page","type-page","status-publish"],"_links":{"self":[{"href":"https:\/\/theistanbulairport.com\/tr\/wp-json\/wp\/v2\/pages\/9948","targetHints":{"allow":["GET"]}}],"collection":[{"href":"https:\/\/theistanbulairport.com\/tr\/wp-json\/wp\/v2\/pages"}],"about":[{"href":"https:\/\/theistanbulairport.com\/tr\/wp-json\/wp\/v2\/types\/page"}],"author":[{"embeddable":true,"href":"https:\/\/theistanbulairport.com\/tr\/wp-json\/wp\/v2\/users\/1"}],"replies":[{"embeddable":true,"href":"https:\/\/theistanbulairport.com\/tr\/wp-json\/wp\/v2\/comments?post=9948"}],"version-history":[{"count":25,"href":"https:\/\/theistanbulairport.com\/tr\/wp-json\/wp\/v2\/pages\/9948\/revisions"}],"predecessor-version":[{"id":11815,"href":"https:\/\/theistanbulairport.com\/tr\/wp-json\/wp\/v2\/pages\/9948\/revisions\/11815"}],"wp:attachment":[{"href":"https:\/\/theistanbulairport.com\/tr\/wp-json\/wp\/v2\/media?parent=9948"}],"curies":[{"name":"wp","href":"https:\/\/api.w.org\/{rel}","templated":true}]}}