{"id":9913,"date":"2022-10-26T11:50:50","date_gmt":"2022-10-26T16:50:50","guid":{"rendered":"http:\/\/www.thepuertovallartaairport.com\/?page_id=9913"},"modified":"2024-08-12T06:18:06","modified_gmt":"2024-08-12T12:18:06","slug":"turlar","status":"publish","type":"page","link":"https:\/\/theistanbulairport.com\/tr\/tours\/","title":{"rendered":"Turlar"},"content":{"rendered":"<div class=\"gb-container gb-container-45c53db7\"><div class=\"gb-inside-container\">\n<div class=\"gb-grid-wrapper gb-grid-wrapper-3c972399\">\n<div class=\"gb-grid-column gb-grid-column-ed746e96\"><div class=\"gb-container gb-container-ed746e96\"><div class=\"gb-inside-container\">\n\n<figure class=\"gb-block-image gb-block-image-43dff1a7\"><img loading=\"lazy\" decoding=\"async\" width=\"960\" height=\"640\" class=\"gb-image gb-image-43dff1a7\" src=\"https:\/\/theistanbulairport.com\/wp-content\/uploads\/2023\/09\/Istanbul-Tours.jpg\" alt=\"\u0130stanbul Turlar\u0131\" title=\"\u0130stanbul Turlar\u0131\" srcset=\"https:\/\/theistanbulairport.com\/wp-content\/uploads\/2023\/09\/Istanbul-Tours.jpg 960w, https:\/\/theistanbulairport.com\/wp-content\/uploads\/2023\/09\/Istanbul-Tours-300x200.jpg 300w, https:\/\/theistanbulairport.com\/wp-content\/uploads\/2023\/09\/Istanbul-Tours-768x512.jpg 768w\" sizes=\"auto, (max-width: 960px) 100vw, 960px\" \/><\/figure>\n\n<\/div><\/div><\/div>\n\n<div class=\"gb-grid-column gb-grid-column-e297ea4b\"><div class=\"gb-container gb-container-e297ea4b\"><div class=\"gb-inside-container\">\n\n<h2 class=\"gb-headline gb-headline-5815e6f6 gb-headline-text\">\u0130stanbul Turlar\u0131<\/h2>\n\n\n\n<p style=\"font-size:16px\">\u0130stanbul'da g\u00f6r\u00fclecek, yap\u0131lacak ve ke\u015ffedilecek en iyi \u015feyleri ke\u015ffedin.<\/p>\n\n\n\n<p style=\"font-size:16px\">Yak\u0131n gelecekte \u0130stanbul'u ziyaret etmeyi planl\u0131yorsan\u0131z, etkinlik ve turlar i\u00e7in \u00f6nceden rezervasyon yapt\u0131rman\u0131z\u0131 \u00f6neririz.<\/p>\n\n\n\n<p style=\"font-size:16px\">Zamandan, paradan ve \u0130stanbul'a vard\u0131\u011f\u0131n\u0131zda sadece almak istedi\u011finiz turun t\u00fckendi\u011fini \u00f6\u011frenme zahmetinden tasarruf edin.<\/p>\n\n\n\n<p style=\"font-size:16px\">A\u015fa\u011f\u0131da, \u0130stanbul'da yap\u0131lacak en iyi \u015feylerin derlenmi\u015f bir listesini bulacaks\u0131n\u0131z.<\/p>\n\n\n<div class=\"gb-button-wrapper gb-button-wrapper-4c029d79\">\n\n<a class=\"gb-button gb-button-d176e36b\" href=\"https:\/\/www.viator.com\/Istanbul\/d585?pid=P00095352&amp;mcid=42383&amp;medium=link&amp;campaign=isttours\" target=\"_blank\" rel=\"nofollow noopener noreferrer\"><span class=\"gb-button-text\">\u0130stanbul'da Yap\u0131lacak En \u0130yi \u015eeyleri Ke\u015ffedin<\/span><span class=\"gb-icon\"><svg viewbox=\"0 0 32 32\" xmlns:xlink=\"http:\/\/www.w3.org\/1999\/xlink\" xmlns=\"http:\/\/www.w3.org\/2000\/svg\"><g fill=\"none\"><path fill=\"currentColor\" d=\"M3 16a1 1 0 0 1 1-1h21.586l-8.293-8.293a1 1 0 0 1 1.414-1.414l10 10a1 1 0 0 1 0 1.414l-10 10a1 1 0 0 1-1.414-1.414L25.586 17H4a1 1 0 0 1-1-1z\"><\/path><\/g><\/svg><\/span><\/a>\n\n<\/div>\n<\/div><\/div><\/div>\n<\/div>\n<\/div><\/div>\n\n<div class=\"gb-container gb-container-3bc96652\"><div class=\"gb-inside-container\">\n\n<h2 class=\"gb-headline gb-headline-6e7f1632 gb-headline-text\">En \u0130yi 5 \u0130stanbul Turu<\/h2>\n\n\n\n<p>A\u015fa\u011f\u0131da, \u0130stanbul'daki En \u00c7ok Satan (En Pop\u00fcler) 5 turun bir listesini bulacaks\u0131n\u0131z.<\/p>\n\n\n\n<div data-vi-partner-id=\"P00095352\" data-vi-widget-ref=\"W-eb2178ac-7a1b-4ea0-8829-18cadc925ef8\" ><\/div>\n<script async src=\"https:\/\/www.viator.com\/orion\/partner\/widget.js\"><\/script>\n\n<\/div><\/div>","protected":false},"excerpt":{"rendered":"<p>En \u0130yi 5 \u0130stanbul Turu A\u015fa\u011f\u0131da, \u0130stanbul'daki En \u00c7ok Satan (En Pop\u00fcler) 5 turun bir listesini bulacaks\u0131n\u0131z.<\/p>","protected":false},"author":1,"featured_media":0,"parent":0,"menu_order":0,"comment_status":"closed","ping_status":"closed","template":"","meta":{"_monsterinsights_skip_tracking":false,"_monsterinsights_sitenote_active":false,"_monsterinsights_sitenote_note":"","_monsterinsights_sitenote_category":0,"footnotes":""},"class_list":["post-9913","page","type-page","status-publish"],"_links":{"self":[{"href":"https:\/\/theistanbulairport.com\/tr\/wp-json\/wp\/v2\/pages\/9913","targetHints":{"allow":["GET"]}}],"collection":[{"href":"https:\/\/theistanbulairport.com\/tr\/wp-json\/wp\/v2\/pages"}],"about":[{"href":"https:\/\/theistanbulairport.com\/tr\/wp-json\/wp\/v2\/types\/page"}],"author":[{"embeddable":true,"href":"https:\/\/theistanbulairport.com\/tr\/wp-json\/wp\/v2\/users\/1"}],"replies":[{"embeddable":true,"href":"https:\/\/theistanbulairport.com\/tr\/wp-json\/wp\/v2\/comments?post=9913"}],"version-history":[{"count":70,"href":"https:\/\/theistanbulairport.com\/tr\/wp-json\/wp\/v2\/pages\/9913\/revisions"}],"predecessor-version":[{"id":11704,"href":"https:\/\/theistanbulairport.com\/tr\/wp-json\/wp\/v2\/pages\/9913\/revisions\/11704"}],"wp:attachment":[{"href":"https:\/\/theistanbulairport.com\/tr\/wp-json\/wp\/v2\/media?parent=9913"}],"curies":[{"name":"wp","href":"https:\/\/api.w.org\/{rel}","templated":true}]}}