{"id":9886,"date":"2022-10-25T18:31:41","date_gmt":"2022-10-25T23:31:41","guid":{"rendered":"http:\/\/www.thepuertovallartaairport.com\/?page_id=9886"},"modified":"2024-02-05T14:39:34","modified_gmt":"2024-02-05T20:39:34","slug":"ucuslar","status":"publish","type":"page","link":"https:\/\/theistanbulairport.com\/tr\/flights\/","title":{"rendered":"U\u00e7u\u015flar"},"content":{"rendered":"<div class=\"gb-container gb-container-e0266e9c\"><div class=\"gb-inside-container\">\n\n<h2 class=\"gb-headline gb-headline-0b0f589f gb-headline-text\">S\u0131k\u00e7a Sorulan Sorular<gwmw style=\"display:none;\"><\/gwmw><gwmw style=\"display:none;\"><\/gwmw><\/h2>\n\n\n\n<h3 class=\"gb-headline gb-headline-9f5e3108 gb-headline-text\">1. \u0130stanbul Havaliman\u0131'na hangi havayollar\u0131 u\u00e7uyor?<\/h3>\n\n\n\n<p>T\u00fcrk Hava Yollar\u0131, Red Wings, Iraqi Airways ve Scar Air, \u0130stanbul Havaliman\u0131'na ve \u0130stanbul'dan u\u00e7u\u015f ger\u00e7ekle\u015ftiren havayollar\u0131ndan sadece birka\u00e7\u0131d\u0131r. IST Havaliman\u0131'na u\u00e7an havayollar\u0131n\u0131n tam listesini g\u00f6r\u00fcnt\u00fcleyebilirsiniz <span style=\"text-decoration: underline;\"><a href=\"https:\/\/theistanbulairport.com\/tr\/havayollari\/\" data-type=\"link\" data-id=\"https:\/\/theistanbulairport.com\/airlines\/\">Burada<\/a><\/span>.<\/p>\n\n\n\n<h3 class=\"gb-headline gb-headline-b0111f5c gb-headline-text\">2. \u0130stanbul'a u\u00e7u\u015flar neden bu kadar pahal\u0131?<gwmw style=\"display:none;\"><\/gwmw><\/h3>\n\n\n\n<p>\u0130stanbul'a u\u00e7u\u015f \u00fccretleri seyahat tarihleri, kalk\u0131\u015f yeri, s\u0131n\u0131f gibi fakt\u00f6rlere ba\u011fl\u0131 olarak de\u011fi\u015fecektir. Bununla birlikte, \u0130stanbul'a u\u00e7u\u015flar, \u00f6zellikle Amerika Birle\u015fik Devletleri'nin Do\u011fu Yakas\u0131'ndaki b\u00fcy\u00fck destinasyonlardan ve seyahat merkezlerinden genellikle olduk\u00e7a makuld\u00fcr.<gwmw style=\"display:none;\"><\/gwmw><gwmw style=\"display:none;\"><\/gwmw><\/p>\n\n\n\n<h3 class=\"gb-headline gb-headline-7075b59a gb-headline-text\">3. \u0130stanbul'a u\u00e7mak i\u00e7in en ucuz havayolu hangisidir?<\/h3>\n\n\n\n<p>\u015eu anda \u0130stanbul'a en ucuz biletleri Norse Atlantic Airways (UK) ve T\u00fcrk Hava Yollar\u0131 sunuyor.<\/p>\n\n\n\n<h3 class=\"gb-headline gb-headline-d9f3e944 gb-headline-text\">4. \u0130stanbul'a u\u00e7mak i\u00e7in en ucuz aylar hangileridir?<\/h3>\n\n\n\n<p>\u0130stanbul Havaliman\u0131'na u\u00e7mak i\u00e7in en ucuz aylar nereden geldi\u011finize ba\u011fl\u0131 olarak de\u011fi\u015fir. E\u011fer Amerika Birle\u015fik Devletleri'nden u\u00e7uyorsan\u0131z, Ocak ay\u0131 genellikle en ucuz ayd\u0131r. Genel olarak, u\u00e7u\u015flar sezon d\u0131\u015f\u0131 olan Kas\u0131m-\u015eubat aylar\u0131 aras\u0131nda daha ucuzdur.<\/p>\n\n\n\n<h3 class=\"gb-headline gb-headline-e353cb54 gb-headline-text\">5. \u0130stanbul Havaliman\u0131'na u\u00e7mak i\u00e7in en pahal\u0131 aylar hangileridir?<\/h3>\n\n\n\n<p>\u0130stanbul Havaliman\u0131'na u\u00e7u\u015flar en yo\u011fun sezon olan yaz aylar\u0131nda daha pahal\u0131d\u0131r. \u0130stanbul Havaliman\u0131'na u\u00e7mak i\u00e7in en pahal\u0131 aylar Haziran ve Temmuz'dur.<\/p>\n\n\n\n<h3 class=\"gb-headline gb-headline-698c6f4c gb-headline-text\">6. \u0130stanbul'a u\u00e7u\u015f rezervasyonumu ne zaman yapmal\u0131y\u0131m?<gwmw style=\"display:none;\"><\/gwmw><\/h3>\n\n\n\n<p>En iyi fiyat i\u00e7in \u0130stanbul u\u00e7u\u015funuzu en az iki ay \u00f6ncesinden rezerve etmenizi \u00f6neririz. En uygun fiyatlar\u0131 almak i\u00e7in son dakikaya kadar beklemeyin. <gwmw style=\"display:none;\"><\/gwmw><\/p>\n\n\n\n<p><gwmw style=\"display: none; background-color: transparent;\"><\/gwmw><gwmw style=\"display: none; background-color: transparent;\"><\/gwmw><gwmw style=\"display: none; background-color: transparent;\"><\/gwmw><gwmw style=\"display: none; background-color: transparent;\"><\/gwmw><\/p>\n\n<\/div><\/div>","protected":false},"excerpt":{"rendered":"<p>S\u0131k\u00e7a Sorulan Sorular 1. \u0130stanbul Havaliman\u0131'na hangi havayollar\u0131 u\u00e7uyor? T\u00fcrk Hava Yollar\u0131, Red Wings, Iraqi Airways ve Scar Air, \u0130stanbul Havaliman\u0131'na ve \u0130stanbul Havaliman\u0131'ndan u\u00e7u\u015f ger\u00e7ekle\u015ftiren havayollar\u0131ndan sadece birka\u00e7\u0131d\u0131r. IST Havaliman\u0131'na u\u00e7an havayollar\u0131n\u0131n tam listesine buradan ula\u015fabilirsiniz. 2. \u0130stanbul'a u\u00e7u\u015flar neden bu kadar pahal\u0131? ... <a title=\"U\u00e7u\u015flar\" class=\"read-more\" href=\"https:\/\/theistanbulairport.com\/tr\/flights\/\" aria-label=\"U\u00e7u\u015flar hakk\u0131nda daha fazlas\u0131n\u0131 okuyun\">Daha fazla bilgi edinin<\/a><\/p>","protected":false},"author":1,"featured_media":11509,"parent":0,"menu_order":0,"comment_status":"closed","ping_status":"open","template":"","meta":{"_monsterinsights_skip_tracking":false,"_monsterinsights_sitenote_active":false,"_monsterinsights_sitenote_note":"","_monsterinsights_sitenote_category":0,"footnotes":""},"class_list":["post-9886","page","type-page","status-publish","has-post-thumbnail"],"_links":{"self":[{"href":"https:\/\/theistanbulairport.com\/tr\/wp-json\/wp\/v2\/pages\/9886","targetHints":{"allow":["GET"]}}],"collection":[{"href":"https:\/\/theistanbulairport.com\/tr\/wp-json\/wp\/v2\/pages"}],"about":[{"href":"https:\/\/theistanbulairport.com\/tr\/wp-json\/wp\/v2\/types\/page"}],"author":[{"embeddable":true,"href":"https:\/\/theistanbulairport.com\/tr\/wp-json\/wp\/v2\/users\/1"}],"replies":[{"embeddable":true,"href":"https:\/\/theistanbulairport.com\/tr\/wp-json\/wp\/v2\/comments?post=9886"}],"version-history":[{"count":34,"href":"https:\/\/theistanbulairport.com\/tr\/wp-json\/wp\/v2\/pages\/9886\/revisions"}],"predecessor-version":[{"id":11517,"href":"https:\/\/theistanbulairport.com\/tr\/wp-json\/wp\/v2\/pages\/9886\/revisions\/11517"}],"wp:featuredmedia":[{"embeddable":true,"href":"https:\/\/theistanbulairport.com\/tr\/wp-json\/wp\/v2\/media\/11509"}],"wp:attachment":[{"href":"https:\/\/theistanbulairport.com\/tr\/wp-json\/wp\/v2\/media?parent=9886"}],"curies":[{"name":"wp","href":"https:\/\/api.w.org\/{rel}","templated":true}]}}