{"id":9673,"date":"2022-10-23T23:17:15","date_gmt":"2022-10-24T04:17:15","guid":{"rendered":"http:\/\/www.thepuertovallartaairport.com\/?page_id=9673"},"modified":"2025-12-03T13:52:50","modified_gmt":"2025-12-03T19:52:50","slug":"kalkislar","status":"publish","type":"page","link":"https:\/\/theistanbulairport.com\/tr\/departures\/","title":{"rendered":"Kalk\u0131\u015flar"},"content":{"rendered":"<div class=\"gb-container gb-container-4dbb7a7e\"><div class=\"gb-inside-container\">\n\n<div class=\"avionio-widget\">\n  <iframe frameborder=\"0\" style=\"border:0; width: 100%; height: 95%; min-height: 650px; margin:0; padding:0;\" src=\"https:\/\/www.avionio.com\/widget\/en\/ist\/departures\"><\/iframe>\n  <div style=\"font-family: arial,sans-serif; font-size:12px; width: 100%; text-align: center; padding-top: 7px; border-top: 1px solid #65747e;\">\n  <\/div>\n<\/div>\n\n<\/div><\/div>\n\n<div class=\"gb-container gb-container-7b8427b0\"><div class=\"gb-inside-container\">\n<div class=\"gb-grid-wrapper gb-grid-wrapper-1159a60a\">\n<div class=\"gb-grid-column gb-grid-column-ec5a2551\"><div class=\"gb-container gb-container-ec5a2551\"><div class=\"gb-inside-container\">\n\n<figure class=\"wp-block-embed is-type-video is-provider-youtube wp-block-embed-youtube wp-embed-aspect-16-9 wp-has-aspect-ratio\"><div class=\"wp-block-embed__wrapper\">\n<iframe loading=\"lazy\" title=\"\u0130GA \u0130stanbul Havaliman\u0131 D\u0131\u015f Hatlar Giden Yolcu\" width=\"1200\" height=\"675\" src=\"https:\/\/www.youtube.com\/embed\/m86CyHrlRo4?feature=oembed\" frameborder=\"0\" allow=\"accelerometer; autoplay; clipboard-write; encrypted-media; gyroscope; picture-in-picture; web-share\" allowfullscreen><\/iframe>\n<\/div><\/figure>\n\n<\/div><\/div><\/div>\n\n<div class=\"gb-grid-column gb-grid-column-8cddc425\"><div class=\"gb-container gb-container-8cddc425\"><div class=\"gb-inside-container\">\n\n<h2 class=\"gb-headline gb-headline-064d209f gb-headline-text\">\u0130stanbul Havaliman\u0131 Kalk\u0131\u015flar &amp; Bug\u00fcnk\u00fc U\u00e7u\u015f Durumu<\/h2>\n\n\n\n<p>A\u015fa\u011f\u0131da, bug\u00fcn\u00fcn en son, en g\u00fcncel, canl\u0131 u\u00e7u\u015f durumunu ve \u0130stanbul Havaliman\u0131 (IST) kalk\u0131\u015flar\u0131n\u0131 bulabilirsiniz.<\/p>\n\n\n\n<p>Herhangi bir nedenle \u0130stanbul Havaliman\u0131 kapal\u0131ysa, a\u015fa\u011f\u0131daki tablo \u0130stanbul'dan kalkan u\u00e7u\u015flarla ilgili en son bilgileri yans\u0131tacakt\u0131r.<\/p>\n\n\n\n<p>T\u00fcm havayolu gecikmeleri, iptalleri ve kapan\u0131\u015flar\u0131 a\u015fa\u011f\u0131daki \u0130stanbul Havaliman\u0131 kalk\u0131\u015f program\u0131nda otomatik olarak g\u00fcncellenecektir.<\/p>\n\n<\/div><\/div><\/div>\n<\/div>\n<\/div><\/div>","protected":false},"excerpt":{"rendered":"","protected":false},"author":1,"featured_media":11291,"parent":0,"menu_order":0,"comment_status":"closed","ping_status":"closed","template":"","meta":{"_monsterinsights_skip_tracking":false,"_monsterinsights_sitenote_active":false,"_monsterinsights_sitenote_note":"","_monsterinsights_sitenote_category":0,"footnotes":""},"class_list":["post-9673","page","type-page","status-publish","has-post-thumbnail"],"_links":{"self":[{"href":"https:\/\/theistanbulairport.com\/tr\/wp-json\/wp\/v2\/pages\/9673","targetHints":{"allow":["GET"]}}],"collection":[{"href":"https:\/\/theistanbulairport.com\/tr\/wp-json\/wp\/v2\/pages"}],"about":[{"href":"https:\/\/theistanbulairport.com\/tr\/wp-json\/wp\/v2\/types\/page"}],"author":[{"embeddable":true,"href":"https:\/\/theistanbulairport.com\/tr\/wp-json\/wp\/v2\/users\/1"}],"replies":[{"embeddable":true,"href":"https:\/\/theistanbulairport.com\/tr\/wp-json\/wp\/v2\/comments?post=9673"}],"version-history":[{"count":23,"href":"https:\/\/theistanbulairport.com\/tr\/wp-json\/wp\/v2\/pages\/9673\/revisions"}],"predecessor-version":[{"id":11872,"href":"https:\/\/theistanbulairport.com\/tr\/wp-json\/wp\/v2\/pages\/9673\/revisions\/11872"}],"wp:featuredmedia":[{"embeddable":true,"href":"https:\/\/theistanbulairport.com\/tr\/wp-json\/wp\/v2\/media\/11291"}],"wp:attachment":[{"href":"https:\/\/theistanbulairport.com\/tr\/wp-json\/wp\/v2\/media?parent=9673"}],"curies":[{"name":"wp","href":"https:\/\/api.w.org\/{rel}","templated":true}]}}