{"id":8008,"date":"2022-06-25T15:52:13","date_gmt":"2022-06-25T20:52:13","guid":{"rendered":"http:\/\/www.thepuertovallartaairport.com\/?page_id=8008"},"modified":"2024-08-22T05:37:48","modified_gmt":"2024-08-22T11:37:48","slug":"yasal-uyari","status":"publish","type":"page","link":"https:\/\/theistanbulairport.com\/tr\/disclaimer\/","title":{"rendered":"Web Sitesi Sorumluluk Reddi"},"content":{"rendered":"<div class=\"gb-container gb-container-73b95cf4\"><div class=\"gb-inside-container\">\n\n<h1 class=\"gb-headline gb-headline-8f173c7b gb-headline-text\">Web Sitesi Sorumluluk Reddi<\/h1>\n\n\n\n<p><a href=\"https:\/\/theistanbulairport.com\/tr\/\" data-type=\"page\" data-id=\"9539\"><span style=\"text-decoration: underline;\">TheIstanbulAirport.com<\/span><\/a> \u0130stanbul Uluslararas\u0131 Havaliman\u0131'n\u0131n resmi web sitesi DE\u011e\u0130LD\u0130R ve burada sunulan bilgiler \u00e7al\u0131\u015fanlar\u0131, yetkilileri veya i\u015ftirakleri taraf\u0131ndan olu\u015fturulmam\u0131\u015f, \u00fcretilmemi\u015f veya sunulmam\u0131\u015ft\u0131r.<\/p>\n\n\n\n<p>Bu site \u0130stanbul ve \u0130stanbul Havaliman\u0131 i\u00e7in ba\u011f\u0131ms\u0131z, bilgilendirici bir kaynakt\u0131r. Belirli ticari hizmetlere, \u00fcr\u00fcnlere veya s\u00fcre\u00e7lere yap\u0131lan t\u00fcm at\u0131flar veya herhangi bir \u015firket veya ticari ad\u0131n kullan\u0131lmas\u0131, \u0130stanbul Uluslararas\u0131 Havaliman\u0131 taraf\u0131ndan tavsiye veya onay anlam\u0131na gelmez.<\/p>\n\n\n\n<p>\u0130stanbul Havaliman\u0131 ve \u0130stanbul Uluslararas\u0131 Havaliman\u0131 terimi ve ilgili t\u00fcm logolar, grafikler, isimler, ticari markalar ve\/veya telif haklar\u0131 \u0130stanbul Uluslararas\u0131 Havaliman\u0131'na aittir ve burada yaln\u0131zca tan\u0131mlay\u0131c\u0131 ama\u00e7lar i\u00e7in kullan\u0131lmaktad\u0131r.\u00a0<\/p>\n\n\n\n<p>Kullanarak veya eri\u015ferek <a href=\"https:\/\/theistanbulairport.com\/tr\/\" data-type=\"page\" data-id=\"9539\"><span style=\"text-decoration: underline;\">TheIstanbulAirport.com<\/span><\/a> h\u00fck\u00fcm ve ko\u015fullar\u0131m\u0131z\u0131 kabul etmi\u015f say\u0131l\u0131rs\u0131n\u0131z. Bu web sitesi, en iyi bilgilerimize g\u00f6re, yukar\u0131da belirtilen havaliman\u0131 taraf\u0131ndan sa\u011flanan hizmetler hakk\u0131nda bilgi vermektedir.\u00a0<\/p>\n\n\n\n<p>Bu web sitesinde bulunan bilgilerin do\u011frulu\u011funu kontrol etmek i\u00e7in elimizden geleni yapsak da, burada bulunan bilgilerin g\u00fcncel olmama veya yanl\u0131\u015f olma olas\u0131l\u0131\u011f\u0131 her zaman vard\u0131r. Bu web sitesinin i\u00e7eri\u011finin ge\u00e7erlili\u011fi, kesinli\u011fi ve uygunlu\u011fu hakk\u0131nda herhangi bir iddiada, vaatte veya garantide bulunmuyoruz ve burada g\u00f6r\u00fcnt\u00fclenen bilgilerdeki hatalar ve eksiklikler i\u00e7in a\u00e7\u0131k\u00e7a sorumluluk kabul etmiyoruz.&nbsp;<\/p>\n\n\n\n<p>Sitede sunulan bilgilerin kullan\u0131m\u0131ndan kaynaklanabilecek do\u011frudan, dolayl\u0131, sonu\u00e7 olarak ortaya \u00e7\u0131kan, ar\u0131zi veya cezai zararlardan sorumlu de\u011filiz. Arad\u0131\u011f\u0131n\u0131z bilgileri do\u011frulamak i\u00e7in l\u00fctfen ilgili kamu veya \u00f6zel kurulu\u015flara ba\u015fvurun.<\/p>\n\n\n\n<p>Daha fazla bilgi: <a href=\"https:\/\/theistanbulairport.com\/tr\/gizlilik-politikasi\/\" data-type=\"page\" data-id=\"3\">Gizlilik Politikas\u0131<\/a><\/p>\n\n<\/div><\/div>","protected":false},"excerpt":{"rendered":"<p>Web Sitesi Sorumluluk Reddi TheIstanbulAirport.com, \u0130stanbul Uluslararas\u0131 Havaliman\u0131'n\u0131n resmi web sitesi de\u011fildir ve burada sunulan bilgiler, \u00e7al\u0131\u015fanlar\u0131, yetkilileri veya ba\u011fl\u0131 kurulu\u015flar\u0131 taraf\u0131ndan olu\u015fturulmam\u0131\u015f, \u00fcretilmemi\u015f veya sunulmam\u0131\u015ft\u0131r. Bu site, \u0130stanbul ve \u0130stanbul Havaliman\u0131 i\u00e7in ba\u011f\u0131ms\u0131z, bilgilendirici bir kaynakt\u0131r. Belirli ticari hizmetlere, \u00fcr\u00fcnlere veya s\u00fcre\u00e7lere yap\u0131lan t\u00fcm at\u0131flar veya ... <a title=\"Web Sitesi Sorumluluk Reddi\" class=\"read-more\" href=\"https:\/\/theistanbulairport.com\/tr\/disclaimer\/\" aria-label=\"Web Sitesi Sorumluluk Reddi hakk\u0131nda daha fazla bilgi edinin\">Daha fazla bilgi edinin<\/a><\/p>","protected":false},"author":1,"featured_media":0,"parent":0,"menu_order":0,"comment_status":"closed","ping_status":"closed","template":"","meta":{"_monsterinsights_skip_tracking":false,"_monsterinsights_sitenote_active":false,"_monsterinsights_sitenote_note":"","_monsterinsights_sitenote_category":0,"footnotes":""},"class_list":["post-8008","page","type-page","status-publish"],"_links":{"self":[{"href":"https:\/\/theistanbulairport.com\/tr\/wp-json\/wp\/v2\/pages\/8008","targetHints":{"allow":["GET"]}}],"collection":[{"href":"https:\/\/theistanbulairport.com\/tr\/wp-json\/wp\/v2\/pages"}],"about":[{"href":"https:\/\/theistanbulairport.com\/tr\/wp-json\/wp\/v2\/types\/page"}],"author":[{"embeddable":true,"href":"https:\/\/theistanbulairport.com\/tr\/wp-json\/wp\/v2\/users\/1"}],"replies":[{"embeddable":true,"href":"https:\/\/theistanbulairport.com\/tr\/wp-json\/wp\/v2\/comments?post=8008"}],"version-history":[{"count":17,"href":"https:\/\/theistanbulairport.com\/tr\/wp-json\/wp\/v2\/pages\/8008\/revisions"}],"predecessor-version":[{"id":11718,"href":"https:\/\/theistanbulairport.com\/tr\/wp-json\/wp\/v2\/pages\/8008\/revisions\/11718"}],"wp:attachment":[{"href":"https:\/\/theistanbulairport.com\/tr\/wp-json\/wp\/v2\/media?parent=8008"}],"curies":[{"name":"wp","href":"https:\/\/api.w.org\/{rel}","templated":true}]}}