{"id":18,"date":"2021-05-30T19:22:12","date_gmt":"2021-05-30T18:22:12","guid":{"rendered":"https:\/\/crypto.wordifysites.com\/?page_id=18"},"modified":"2025-12-03T12:32:38","modified_gmt":"2025-12-03T18:32:38","slug":"iletisim","status":"publish","type":"page","link":"https:\/\/theistanbulairport.com\/tr\/contact\/","title":{"rendered":"\u0130leti\u015fim"},"content":{"rendered":"<section class=\"gb-container gb-container-6f268728\">\n<div class=\"gb-container gb-container-75274db1\">\n<div class=\"gb-grid-wrapper gb-grid-wrapper-92ec29c0\">\n<div class=\"gb-grid-column gb-grid-column-47af95e9\"><div class=\"gb-container gb-container-47af95e9\"><div class=\"gb-inside-container\">\n\n<h2 class=\"gb-headline gb-headline-d9ff4fd2 gb-headline-text\">Contact us<\/h2>\n\n\n<div class='fluentform ff-default fluentform_wrapper_3  ff_guten_block ff_guten_block-3 ffs_default_wrap'><form data-form_id=\"3\" id=\"fluentform_3\" class=\"frm-fluent-form fluent_form_3 ff-el-form-top ff_form_instance_3_1 ff-form-loading ffs_default\" data-form_instance=\"ff_form_instance_3_1\" method=\"POST\" ><fieldset  style=\"border: none!important;margin: 0!important;padding: 0!important;background-color: transparent!important;box-shadow: none!important;outline: none!important; min-inline-size: 100%;\">\n                    <legend class=\"ff_screen_reader_title\" style=\"display: block; margin: 0!important;padding: 0!important;height: 0!important;text-indent: -999999px;width: 0!important;overflow:hidden;\">General Contact Form<\/legend><input type='hidden' name='__fluent_form_embded_post_id' value='18' \/><input type=\"hidden\" id=\"_fluentform_3_fluentformnonce\" name=\"_fluentform_3_fluentformnonce\" value=\"a7d0245418\" \/><input type=\"hidden\" name=\"_wp_http_referer\" value=\"\/tr\/wp-json\/wp\/v2\/pages\/18\" \/><div data-type=\"name-element\" data-name=\"names\" class=\" ff-field_container ff-name-field-wrapper\" ><div class='ff-t-container'><div class='ff-t-cell '><div class='ff-el-group'><div class=\"ff-el-input--label ff-el-is-required asterisk-right\"><label for='ff_3_names_first_name_' id='label_ff_3_names_first_name_' >First Name:<\/label><\/div><div class='ff-el-input--content'><input type=\"text\" name=\"names[first_name]\" id=\"ff_3_names_first_name_\" class=\"ff-el-form-control\" placeholder=\"First Name\" aria-invalid=\"false\" aria-required=true><\/div><\/div><\/div><div class='ff-t-cell '><div class='ff-el-group'><div class=\"ff-el-input--label ff-el-is-required asterisk-right\"><label for='ff_3_names_last_name_' id='label_ff_3_names_last_name_' >Last Name:<\/label><\/div><div class='ff-el-input--content'><input type=\"text\" name=\"names[last_name]\" id=\"ff_3_names_last_name_\" class=\"ff-el-form-control\" placeholder=\"Last Name\" aria-invalid=\"false\" aria-required=true><\/div><\/div><\/div><\/div><\/div><div class='ff-el-group'><div class=\"ff-el-input--label ff-el-is-required asterisk-right\"><label for='ff_3_email' id='label_ff_3_email' aria-label=\"Email:\">Email:<\/label><\/div><div class='ff-el-input--content'><input type=\"email\" name=\"email\" id=\"ff_3_email\" class=\"ff-el-form-control\" placeholder=\"Email Address\" data-name=\"email\"  aria-invalid=\"false\" aria-required=true><\/div><\/div><div class='ff-el-group'><div class=\"ff-el-input--label ff-el-is-required asterisk-right\"><label for='ff_3_message' id='label_ff_3_message' aria-label=\"Message:\">Message:<\/label><\/div><div class='ff-el-input--content'><textarea aria-required=\"true\" aria-labelledby=\"label_ff_3_message\" name=\"message\" id=\"ff_3_message\" class=\"ff-el-form-control\" placeholder=\"Your Message\" rows=\"4\" cols=\"2\" data-name=\"message\" ><\/textarea><\/div><\/div><div class='ff-el-group ff-text-left ff_submit_btn_wrapper'><button type=\"submit\" class=\"ff-btn ff-btn-submit ff-btn-lg ff_btn_style wpf_has_custom_css\"  aria-label=\"SEND\">SEND<\/button><\/div><\/fieldset><\/form><div id='fluentform_3_errors' class='ff-errors-in-stack ff_form_instance_3_1 ff-form-loading_errors ff_form_instance_3_1_errors'><\/div><\/div>            <script type=\"text\/javascript\">\n                window.fluent_form_ff_form_instance_3_1 = {\"id\":\"3\",\"settings\":{\"layout\":{\"labelPlacement\":\"top\",\"helpMessagePlacement\":\"with_label\",\"errorMessagePlacement\":\"inline\",\"cssClassName\":\"\",\"asteriskPlacement\":\"asterisk-right\"},\"restrictions\":{\"denyEmptySubmission\":{\"enabled\":false}}},\"form_instance\":\"ff_form_instance_3_1\",\"form_id_selector\":\"fluentform_3\",\"rules\":{\"names[first_name]\":{\"required\":{\"value\":true,\"message\":\"This field is required\",\"global\":true,\"global_message\":\"This field is required\"}},\"names[middle_name]\":{\"required\":{\"value\":false,\"message\":\"This field is required\",\"global\":true,\"global_message\":\"This field is required\"}},\"names[last_name]\":{\"required\":{\"value\":true,\"message\":\"This field is required\",\"global\":true,\"global_message\":\"This field is required\"}},\"email\":{\"required\":{\"value\":true,\"message\":\"This field is required\",\"global\":true,\"global_message\":\"This field is required\"},\"email\":{\"value\":true,\"message\":\"This field must contain a valid email\",\"global\":true,\"global_message\":\"This field must contain a valid email\"}},\"message\":{\"required\":{\"value\":true,\"message\":\"This field is required\",\"global\":true,\"global_message\":\"This field is required\"}}},\"debounce_time\":300};\n                            <\/script>\n            \n<\/div><\/div><\/div>\n\n<div class=\"gb-grid-column gb-grid-column-339217fc\"><div class=\"gb-container gb-container-339217fc\"><div class=\"gb-inside-container\">\n\n<h2 class=\"gb-headline gb-headline-b5e6c34e gb-headline-text\">Information<\/h2>\n\n\n\n<p class=\"gb-headline gb-headline-59af0c3e gb-headline-text\">This website serves as a comprehensive travel guide for those planning to visit Istanbul and should be used for informational purposes only.<\/p>\n\n\n\n<p class=\"gb-headline gb-headline-ad122885\"><span class=\"gb-icon\"><svg aria-hidden=\"true\" height=\"1em\" width=\"1em\" viewBox=\"0 0 384 512\" xmlns=\"http:\/\/www.w3.org\/2000\/svg\"><path fill=\"currentColor\" d=\"M172.268 501.67C26.97 291.031 0 269.413 0 192 0 85.961 85.961 0 192 0s192 85.961 192 192c0 77.413-26.97 99.031-172.268 309.67-9.535 13.774-29.93 13.773-39.464 0zM192 272c44.183 0 80-35.817 80-80s-35.817-80-80-80-80 35.817-80 80 35.817 80 80 80z\"><\/path><\/svg><\/span><span class=\"gb-headline-text\"><strong>Istanbul Airport<\/strong> &#8211; Tayakad\u0131n, Terminal Caddesi No:1, 34283 Arnavutk\u00f6y\/\u0130stanbul, T\u00fcrkiye<\/span><\/p>\n\n\n\n<p class=\"gb-headline gb-headline-9f2a260f\"><span class=\"gb-icon\"><svg viewBox=\"0 0 16 16\" class=\"bi bi-exclamation-octagon-fill\" fill=\"currentColor\" height=\"16\" width=\"16\" xmlns=\"http:\/\/www.w3.org\/2000\/svg\">   <path d=\"M11.46.146A.5.5 0 0 0 11.107 0H4.893a.5.5 0 0 0-.353.146L.146 4.54A.5.5 0 0 0 0 4.893v6.214a.5.5 0 0 0 .146.353l4.394 4.394a.5.5 0 0 0 .353.146h6.214a.5.5 0 0 0 .353-.146l4.394-4.394a.5.5 0 0 0 .146-.353V4.893a.5.5 0 0 0-.146-.353L11.46.146zM8 4c.535 0 .954.462.9.995l-.35 3.507a.552.552 0 0 1-1.1 0L7.1 4.995A.905.905 0 0 1 8 4zm.002 6a1 1 0 1 1 0 2 1 1 0 0 1 0-2z\"><\/path> <\/svg><\/span><span class=\"gb-headline-text\"><strong>Lost &amp; Stolen Items:<\/strong>&nbsp;For all inquiries regarding lost or stolen items, please contact Istanbul Airport directly.<\/span><\/p>\n\n\n\n<p class=\"gb-headline gb-headline-6608a8a2\"><span class=\"gb-icon\"><svg xmlns=\"http:\/\/www.w3.org\/2000\/svg\" width=\"16\" height=\"16\" fill=\"currentColor\" class=\"bi bi-telephone-outbound-fill\" viewBox=\"0 0 16 16\">   <path fill-rule=\"evenodd\" d=\"M1.885.511a1.745 1.745 0 0 1 2.61.163L6.29 2.98c.329.423.445.974.315 1.494l-.547 2.19a.678.678 0 0 0 .178.643l2.457 2.457a.678.678 0 0 0 .644.178l2.189-.547a1.745 1.745 0 0 1 1.494.315l2.306 1.794c.829.645.905 1.87.163 2.611l-1.034 1.034c-.74.74-1.846 1.065-2.877.702a18.634 18.634 0 0 1-7.01-4.42 18.634 18.634 0 0 1-4.42-7.009c-.362-1.03-.037-2.137.703-2.877L1.885.511zM11 .5a.5.5 0 0 1 .5-.5h4a.5.5 0 0 1 .5.5v4a.5.5 0 0 1-1 0V1.707l-4.146 4.147a.5.5 0 0 1-.708-.708L14.293 1H11.5a.5.5 0 0 1-.5-.5z\"><\/path> <\/svg><\/span><span class=\"gb-headline-text\"><strong>Telephone:<\/strong>&nbsp;+90 4441442<\/span><\/p>\n\n\n\n<p class=\"gb-headline gb-headline-e7130c83\"><span class=\"gb-icon\"><svg xmlns=\"http:\/\/www.w3.org\/2000\/svg\" width=\"16\" height=\"16\" fill=\"currentColor\" class=\"bi bi-car-front-fill\" viewBox=\"0 0 16 16\">   <path d=\"M2.52 3.515A2.5 2.5 0 0 1 4.82 2h6.362c1 0 1.904.596 2.298 1.515l.792 1.848c.075.175.21.319.38.404.5.25.855.715.965 1.262l.335 1.679c.033.161.049.325.049.49v.413c0 .814-.39 1.543-1 1.997V13.5a.5.5 0 0 1-.5.5h-2a.5.5 0 0 1-.5-.5v-1.338c-1.292.048-2.745.088-4 .088s-2.708-.04-4-.088V13.5a.5.5 0 0 1-.5.5h-2a.5.5 0 0 1-.5-.5v-1.892c-.61-.454-1-1.183-1-1.997v-.413a2.5 2.5 0 0 1 .049-.49l.335-1.68c.11-.546.465-1.012.964-1.261a.807.807 0 0 0 .381-.404l.792-1.848ZM3 10a1 1 0 1 0 0-2 1 1 0 0 0 0 2Zm10 0a1 1 0 1 0 0-2 1 1 0 0 0 0 2ZM6 8a1 1 0 0 0 0 2h4a1 1 0 1 0 0-2H6ZM2.906 5.189a.51.51 0 0 0 .497.731c.91-.073 3.35-.17 4.597-.17 1.247 0 3.688.097 4.597.17a.51.51 0 0 0 .497-.731l-.956-1.913A.5.5 0 0 0 11.691 3H4.309a.5.5 0 0 0-.447.276L2.906 5.19Z\"><\/path> <\/svg><\/span><span class=\"gb-headline-text\"><strong>Airport Taxi:<\/strong>&nbsp;<a href=\"https:\/\/theistanbulairport.com\/istanbul-airport-taxi\/\" data-type=\"page\" data-id=\"11028\"><span style=\"text-decoration: underline;\">Istanbul Airport Taxi<\/span><\/a><\/span><\/p>\n\n\n\n<p class=\"gb-headline gb-headline-a109ecd2\"><span class=\"gb-icon\"><svg xmlns=\"http:\/\/www.w3.org\/2000\/svg\" width=\"16\" height=\"16\" fill=\"currentColor\" class=\"bi bi-car-front-fill\" viewBox=\"0 0 16 16\">   <path d=\"M2.52 3.515A2.5 2.5 0 0 1 4.82 2h6.362c1 0 1.904.596 2.298 1.515l.792 1.848c.075.175.21.319.38.404.5.25.855.715.965 1.262l.335 1.679c.033.161.049.325.049.49v.413c0 .814-.39 1.543-1 1.997V13.5a.5.5 0 0 1-.5.5h-2a.5.5 0 0 1-.5-.5v-1.338c-1.292.048-2.745.088-4 .088s-2.708-.04-4-.088V13.5a.5.5 0 0 1-.5.5h-2a.5.5 0 0 1-.5-.5v-1.892c-.61-.454-1-1.183-1-1.997v-.413a2.5 2.5 0 0 1 .049-.49l.335-1.68c.11-.546.465-1.012.964-1.261a.807.807 0 0 0 .381-.404l.792-1.848ZM3 10a1 1 0 1 0 0-2 1 1 0 0 0 0 2Zm10 0a1 1 0 1 0 0-2 1 1 0 0 0 0 2ZM6 8a1 1 0 0 0 0 2h4a1 1 0 1 0 0-2H6ZM2.906 5.189a.51.51 0 0 0 .497.731c.91-.073 3.35-.17 4.597-.17 1.247 0 3.688.097 4.597.17a.51.51 0 0 0 .497-.731l-.956-1.913A.5.5 0 0 0 11.691 3H4.309a.5.5 0 0 0-.447.276L2.906 5.19Z\"><\/path> <\/svg><\/span><span class=\"gb-headline-text\"><strong>Car Rentals:<\/strong>&nbsp;<a href=\"https:\/\/theistanbulairport.com\/car-rentals\/\" data-type=\"page\" data-id=\"9819\"><span style=\"text-decoration: underline;\">Istanbul Airport Car Rentals<\/span><\/a><\/span><\/p>\n\n\n\n<p class=\"gb-headline gb-headline-682b5451\"><span class=\"gb-icon\"><svg xmlns=\"http:\/\/www.w3.org\/2000\/svg\" width=\"16\" height=\"16\" fill=\"currentColor\" class=\"bi bi-bus-front\" viewBox=\"0 0 16 16\">   <path d=\"M5 11a1 1 0 1 1-2 0 1 1 0 0 1 2 0Zm8 0a1 1 0 1 1-2 0 1 1 0 0 1 2 0Zm-6-1a1 1 0 1 0 0 2h2a1 1 0 1 0 0-2H7Zm1-6c-1.876 0-3.426.109-4.552.226A.5.5 0 0 0 3 4.723v3.554a.5.5 0 0 0 .448.497C4.574 8.891 6.124 9 8 9c1.876 0 3.426-.109 4.552-.226A.5.5 0 0 0 13 8.277V4.723a.5.5 0 0 0-.448-.497A44.303 44.303 0 0 0 8 4Zm0-1c-1.837 0-3.353.107-4.448.22a.5.5 0 1 1-.104-.994A44.304 44.304 0 0 1 8 2c1.876 0 3.426.109 4.552.226a.5.5 0 1 1-.104.994A43.306 43.306 0 0 0 8 3Z\"><\/path>   <path d=\"M15 8a1 1 0 0 0 1-1V5a1 1 0 0 0-1-1V2.64c0-1.188-.845-2.232-2.064-2.372A43.61 43.61 0 0 0 8 0C5.9 0 4.208.136 3.064.268 1.845.408 1 1.452 1 2.64V4a1 1 0 0 0-1 1v2a1 1 0 0 0 1 1v3.5c0 .818.393 1.544 1 2v2a.5.5 0 0 0 .5.5h2a.5.5 0 0 0 .5-.5V14h6v1.5a.5.5 0 0 0 .5.5h2a.5.5 0 0 0 .5-.5v-2c.607-.456 1-1.182 1-2V8ZM8 1c2.056 0 3.71.134 4.822.261.676.078 1.178.66 1.178 1.379v8.86a1.5 1.5 0 0 1-1.5 1.5h-9A1.5 1.5 0 0 1 2 11.5V2.64c0-.72.502-1.301 1.178-1.379A42.611 42.611 0 0 1 8 1Z\"><\/path> <\/svg><\/span><span class=\"gb-headline-text\"><strong>Transportation:<\/strong>&nbsp;<a href=\"https:\/\/theistanbulairport.com\/airport-transportation\/\" data-type=\"page\" data-id=\"10289\"><span style=\"text-decoration: underline;\">Istanbul Airport Transportation<\/span><\/a><\/span><\/p>\n\n<\/div><\/div><\/div>\n<\/div>\n<\/div>\n<\/section>\n\n<section class=\"gb-container gb-container-33f807f8 alignwide\">\n<div class=\"gb-container gb-container-71751924\">\n\n<hr class=\"wp-block-separator has-alpha-channel-opacity is-style-default\"\/>\n\n<\/div>\n<\/section>\n\n<section class=\"gb-container gb-container-27e40875\">\n<div class=\"gb-container gb-container-900029de\">\n\n<h2 class=\"gb-headline gb-headline-9930919d gb-headline-text\">Plan Your Trip to Istanbul<\/h2>\n\n\n\n<p class=\"gb-headline gb-headline-9f38e5e1 gb-headline-text\">Planning a trip to Istanbul for your and your loved ones is easier than ever before. Below, you&#8217;ll find our Top 4 Resources for planning the perfect itinerary for your upcoming visit to Istanbul &#8212; From car rentals to hotels, tours and airport transfers. We&#8217;ve got you covered!<\/p>\n\n\n<div class=\"gb-grid-wrapper gb-grid-wrapper-4f6c8bc5\">\n<div class=\"gb-grid-column gb-grid-column-c4ab68d9\"><div class=\"gb-container gb-container-c4ab68d9 box-shadow\">\n<div class=\"gb-container gb-container-dee2ab0b\">\n\n<figure class=\"gb-block-image gb-block-image-9ecda98f\"><a href=\"https:\/\/theistanbulairport.com\/car-rentals\/\"><img loading=\"lazy\" decoding=\"async\" width=\"960\" height=\"640\" class=\"gb-image gb-image-9ecda98f\" src=\"https:\/\/theistanbulairport.com\/wp-content\/uploads\/2023\/09\/Istanbul-Car-Rentals.jpg\" alt=\"Istanbul Car Rentals\" title=\"Istanbul Car Rentals\" srcset=\"https:\/\/theistanbulairport.com\/wp-content\/uploads\/2023\/09\/Istanbul-Car-Rentals.jpg 960w, https:\/\/theistanbulairport.com\/wp-content\/uploads\/2023\/09\/Istanbul-Car-Rentals-300x200.jpg 300w, https:\/\/theistanbulairport.com\/wp-content\/uploads\/2023\/09\/Istanbul-Car-Rentals-768x512.jpg 768w\" sizes=\"auto, (max-width: 960px) 100vw, 960px\" \/><\/a><\/figure>\n\n<\/div>\n<\/div><\/div>\n\n<div class=\"gb-grid-column gb-grid-column-0b48b3cc\"><div class=\"gb-container gb-container-0b48b3cc box-shadow\">\n<div class=\"gb-container gb-container-0f9ae649\">\n\n<figure class=\"gb-block-image gb-block-image-a43a8fd5\"><a href=\"https:\/\/theistanbulairport.com\/airport-transportation\/\"><img loading=\"lazy\" decoding=\"async\" width=\"960\" height=\"640\" class=\"gb-image gb-image-a43a8fd5\" src=\"https:\/\/theistanbulairport.com\/wp-content\/uploads\/2023\/09\/Istanbul-Airport-Transportation.jpg\" alt=\"Istanbul Airport Transportation\" title=\"Istanbul Airport Transportation\" srcset=\"https:\/\/theistanbulairport.com\/wp-content\/uploads\/2023\/09\/Istanbul-Airport-Transportation.jpg 960w, https:\/\/theistanbulairport.com\/wp-content\/uploads\/2023\/09\/Istanbul-Airport-Transportation-300x200.jpg 300w, https:\/\/theistanbulairport.com\/wp-content\/uploads\/2023\/09\/Istanbul-Airport-Transportation-768x512.jpg 768w\" sizes=\"auto, (max-width: 960px) 100vw, 960px\" \/><\/a><\/figure>\n\n<\/div>\n<\/div><\/div>\n\n<div class=\"gb-grid-column gb-grid-column-cb6669ad\"><div class=\"gb-container gb-container-cb6669ad box-shadow\">\n<div class=\"gb-container gb-container-3e9df6ff\">\n\n<figure class=\"gb-block-image gb-block-image-69c3adbb\"><a href=\"https:\/\/theistanbulairport.com\/hotels\/\"><img loading=\"lazy\" decoding=\"async\" width=\"960\" height=\"640\" class=\"gb-image gb-image-69c3adbb\" src=\"https:\/\/theistanbulairport.com\/wp-content\/uploads\/2023\/09\/Istanbul-Hotels.jpg\" alt=\"Istanbul Hotels\" title=\"Istanbul Hotels\" srcset=\"https:\/\/theistanbulairport.com\/wp-content\/uploads\/2023\/09\/Istanbul-Hotels.jpg 960w, https:\/\/theistanbulairport.com\/wp-content\/uploads\/2023\/09\/Istanbul-Hotels-300x200.jpg 300w, https:\/\/theistanbulairport.com\/wp-content\/uploads\/2023\/09\/Istanbul-Hotels-768x512.jpg 768w\" sizes=\"auto, (max-width: 960px) 100vw, 960px\" \/><\/a><\/figure>\n\n<\/div>\n<\/div><\/div>\n\n<div class=\"gb-grid-column gb-grid-column-8ae91839\"><div class=\"gb-container gb-container-8ae91839 box-shadow\">\n<div class=\"gb-container gb-container-adcdd760\">\n\n<figure class=\"gb-block-image gb-block-image-d04dbc14\"><a href=\"https:\/\/theistanbulairport.com\/tours\/\"><img loading=\"lazy\" decoding=\"async\" width=\"960\" height=\"640\" class=\"gb-image gb-image-d04dbc14\" src=\"https:\/\/theistanbulairport.com\/wp-content\/uploads\/2023\/09\/Istanbul-Tours.jpg\" alt=\"Istanbul Tours\" title=\"Istanbul Tours\" srcset=\"https:\/\/theistanbulairport.com\/wp-content\/uploads\/2023\/09\/Istanbul-Tours.jpg 960w, https:\/\/theistanbulairport.com\/wp-content\/uploads\/2023\/09\/Istanbul-Tours-300x200.jpg 300w, https:\/\/theistanbulairport.com\/wp-content\/uploads\/2023\/09\/Istanbul-Tours-768x512.jpg 768w\" sizes=\"auto, (max-width: 960px) 100vw, 960px\" \/><\/a><\/figure>\n\n<\/div>\n<\/div><\/div>\n<\/div>\n<\/div>\n<\/section>","protected":false},"excerpt":{"rendered":"<p>\u0130stanbul Seyahatinizi Planlay\u0131n Sizin ve sevdikleriniz i\u00e7in \u0130stanbul'a bir seyahat planlamak her zamankinden daha kolay. A\u015fa\u011f\u0131da, araba kiralamadan otellere, turlara ve havaalan\u0131 transferlerine kadar \u0130stanbul'a yapaca\u011f\u0131n\u0131z ziyaret i\u00e7in m\u00fckemmel bir g\u00fczergah planlaman\u0131za yard\u0131mc\u0131 olacak En \u0130yi 4 Kayna\u011f\u0131m\u0131z\u0131 bulacaks\u0131n\u0131z. Her \u015feyi d\u00fc\u015f\u00fcnd\u00fck!<\/p>","protected":false},"author":1,"featured_media":0,"parent":0,"menu_order":0,"comment_status":"closed","ping_status":"closed","template":"","meta":{"_monsterinsights_skip_tracking":false,"_monsterinsights_sitenote_active":false,"_monsterinsights_sitenote_note":"","_monsterinsights_sitenote_category":0,"footnotes":""},"class_list":["post-18","page","type-page","status-publish"],"_links":{"self":[{"href":"https:\/\/theistanbulairport.com\/tr\/wp-json\/wp\/v2\/pages\/18","targetHints":{"allow":["GET"]}}],"collection":[{"href":"https:\/\/theistanbulairport.com\/tr\/wp-json\/wp\/v2\/pages"}],"about":[{"href":"https:\/\/theistanbulairport.com\/tr\/wp-json\/wp\/v2\/types\/page"}],"author":[{"embeddable":true,"href":"https:\/\/theistanbulairport.com\/tr\/wp-json\/wp\/v2\/users\/1"}],"replies":[{"embeddable":true,"href":"https:\/\/theistanbulairport.com\/tr\/wp-json\/wp\/v2\/comments?post=18"}],"version-history":[{"count":76,"href":"https:\/\/theistanbulairport.com\/tr\/wp-json\/wp\/v2\/pages\/18\/revisions"}],"predecessor-version":[{"id":11863,"href":"https:\/\/theistanbulairport.com\/tr\/wp-json\/wp\/v2\/pages\/18\/revisions\/11863"}],"wp:attachment":[{"href":"https:\/\/theistanbulairport.com\/tr\/wp-json\/wp\/v2\/media?parent=18"}],"curies":[{"name":"wp","href":"https:\/\/api.w.org\/{rel}","templated":true}]}}