{"id":11830,"date":"2024-12-06T05:21:36","date_gmt":"2024-12-06T11:21:36","guid":{"rendered":"https:\/\/theistanbulairport.com\/?page_id=11830"},"modified":"2024-12-06T05:21:37","modified_gmt":"2024-12-06T11:21:37","slug":"bagli-kurulus-feragatnamesi%cc%87","status":"publish","type":"page","link":"https:\/\/theistanbulairport.com\/tr\/affiliate-disclaimer\/","title":{"rendered":"Ortakl\u0131k Feragatnamesi"},"content":{"rendered":"<p><span style=\"text-decoration: underline;\"><a href=\"https:\/\/theistanbulairport.com\/tr\/\">TheIstanbulAirport.com<\/a><\/span> gezginlere en do\u011fru, en g\u00fcncel bilgileri sa\u011flamay\u0131 taahh\u00fct eder.<\/p>\n\n\n\n<p>Okuyucular\u0131m\u0131z i\u00e7in bu havaliman\u0131 rehberlerini olu\u015fturmak i\u00e7in \u00e7ok fazla emek ve enerji harc\u0131yoruz ve \u00e7abalar\u0131m\u0131z\u0131 desteklemeye yard\u0131mc\u0131 olmak i\u00e7in \u00e7e\u015fitli seyahat ba\u011fl\u0131 kurulu\u015f pazarlama programlar\u0131na kat\u0131l\u0131yoruz.<\/p>\n\n\n\n<p>Web sitemizdeki belirli ba\u011flant\u0131lara t\u0131klar ve bir sat\u0131n alma veya rezervasyon yaparsan\u0131z, size hi\u00e7bir ek \u00fccret \u00f6demeden komisyon kazanabilece\u011fimizi l\u00fctfen unutmay\u0131n.<\/p>\n\n\n\n<p>Bu sat\u0131\u015f ortakl\u0131\u011f\u0131 komisyonlar\u0131, sundu\u011fumuz i\u00e7erik ve hizmetleri s\u00fcrd\u00fcrmeye ve geli\u015ftirmeye devam etmemizi sa\u011flar.<\/p>\n\n\n\n<p>A\u015fa\u011f\u0131dakiler dahil ancak bunlarla s\u0131n\u0131rl\u0131 olmamak \u00fczere yaln\u0131zca en g\u00fcvenilir seyahat ortakl\u0131k programlar\u0131yla ortakl\u0131k yapmaktan gurur duyuyoruz:<\/p>\n\n\n\n<ul class=\"wp-block-list\">\n<li><strong>Civitatis<\/strong>: Turlar, aktiviteler, havaalan\u0131 transferleri ve seyahat deneyimleri.<\/li>\n\n\n\n<li><strong>Viator<\/strong>: Turlar, biletler ve aktiviteler.<\/li>\n\n\n\n<li><strong>WelcomePickups<\/strong>: Kaliteli havaalan\u0131 transfer ve ula\u015f\u0131m hizmetleri.<\/li>\n\n\n\n<li><strong>Alosim<\/strong>: Seyahat edenler i\u00e7in kullan\u0131\u015fl\u0131 eSIM \u00e7\u00f6z\u00fcmleri.<\/li>\n\n\n\n<li><strong>Booking.com<\/strong>: Konaklama rezervasyonu i\u00e7in lider platform.<\/li>\n\n\n\n<li><strong>Skyscanner<\/strong>: U\u00e7u\u015flar, oteller ve ara\u00e7 kiralama acenteleri i\u00e7in fiyatlar\u0131 kar\u015f\u0131la\u015ft\u0131r\u0131n.<\/li>\n\n\n\n<li><strong>Otomobilleri Ke\u015ffedin<\/strong>: D\u00fcnya \u00e7ap\u0131nda uygun fiyatl\u0131 ara\u00e7 kiralama se\u00e7enekleri.<\/li>\n<\/ul>\n\n\n\n<p>Okuyucular\u0131m\u0131za yaln\u0131zca en kaliteli \u00fcr\u00fcn ve hizmetleri \u00f6nermeye \u00e7al\u0131\u015fsak da, sat\u0131n alma kararlar\u0131n\u0131z\u0131n nihai olarak size ba\u011fl\u0131 oldu\u011funu l\u00fctfen unutmay\u0131n. Her zaman oldu\u011fu gibi, bir sat\u0131n alma i\u015flemi yapmadan \u00f6nce herhangi bir hizmet veya \u00fcr\u00fcn\u00fcn t\u00fcm h\u00fck\u00fcm ve ko\u015fullar\u0131n\u0131 incelemenizi \u00f6neririz.<\/p>\n\n\n\n<p>Bu web sitesini kullanarak a\u015fa\u011f\u0131dakileri kabul ve beyan etmi\u015f say\u0131l\u0131rs\u0131n\u0131z <span style=\"text-decoration: underline;\"><a href=\"https:\/\/theistanbulairport.com\/tr\/\">TheIstanbulAirport.com<\/a><\/span> yukar\u0131da a\u00e7\u0131kland\u0131\u011f\u0131 \u015fekilde sat\u0131\u015f ortakl\u0131\u011f\u0131 komisyonlar\u0131 kazanabilir.<\/p>\n\n\n\n<p>Devam eden deste\u011finiz i\u00e7in te\u015fekk\u00fcr ederiz!<\/p>","protected":false},"excerpt":{"rendered":"<p>TheIstanbulAirport.com, gezginlere en do\u011fru, en g\u00fcncel bilgileri sa\u011flamay\u0131 taahh\u00fct eder. Okuyucular\u0131m\u0131z i\u00e7in bu havaalan\u0131 rehberlerini olu\u015fturmak i\u00e7in \u00e7ok fazla emek ve enerji harc\u0131yoruz ve \u00e7abalar\u0131m\u0131z\u0131 desteklemeye yard\u0131mc\u0131 olmak i\u00e7in \u00e7e\u015fitli seyahat ba\u011fl\u0131 pazarlama programlar\u0131na kat\u0131l\u0131yoruz. L\u00fctfen belirli ba\u011flant\u0131lara t\u0131klad\u0131\u011f\u0131n\u0131zda ... <a title=\"Ortakl\u0131k Feragatnamesi\" class=\"read-more\" href=\"https:\/\/theistanbulairport.com\/tr\/affiliate-disclaimer\/\" aria-label=\"Ortakl\u0131k Feragatnamesi hakk\u0131nda daha fazla bilgi edinin\">Daha fazla bilgi edinin<\/a><\/p>","protected":false},"author":1,"featured_media":0,"parent":0,"menu_order":0,"comment_status":"closed","ping_status":"closed","template":"","meta":{"_monsterinsights_skip_tracking":false,"_monsterinsights_sitenote_active":false,"_monsterinsights_sitenote_note":"","_monsterinsights_sitenote_category":0,"footnotes":""},"class_list":["post-11830","page","type-page","status-publish"],"_links":{"self":[{"href":"https:\/\/theistanbulairport.com\/tr\/wp-json\/wp\/v2\/pages\/11830","targetHints":{"allow":["GET"]}}],"collection":[{"href":"https:\/\/theistanbulairport.com\/tr\/wp-json\/wp\/v2\/pages"}],"about":[{"href":"https:\/\/theistanbulairport.com\/tr\/wp-json\/wp\/v2\/types\/page"}],"author":[{"embeddable":true,"href":"https:\/\/theistanbulairport.com\/tr\/wp-json\/wp\/v2\/users\/1"}],"replies":[{"embeddable":true,"href":"https:\/\/theistanbulairport.com\/tr\/wp-json\/wp\/v2\/comments?post=11830"}],"version-history":[{"count":1,"href":"https:\/\/theistanbulairport.com\/tr\/wp-json\/wp\/v2\/pages\/11830\/revisions"}],"predecessor-version":[{"id":11831,"href":"https:\/\/theistanbulairport.com\/tr\/wp-json\/wp\/v2\/pages\/11830\/revisions\/11831"}],"wp:attachment":[{"href":"https:\/\/theistanbulairport.com\/tr\/wp-json\/wp\/v2\/media?parent=11830"}],"curies":[{"name":"wp","href":"https:\/\/api.w.org\/{rel}","templated":true}]}}