{"id":11708,"date":"2024-08-22T05:29:53","date_gmt":"2024-08-22T11:29:53","guid":{"rendered":"https:\/\/theistanbulairport.com\/?page_id=11708"},"modified":"2025-12-03T12:49:07","modified_gmt":"2025-12-03T18:49:07","slug":"hakkimizda","status":"publish","type":"page","link":"https:\/\/theistanbulairport.com\/tr\/about-us\/","title":{"rendered":"Hakk\u0131m\u0131zda"},"content":{"rendered":"<div class=\"gb-container gb-container-666fd3cd\">\n<div class=\"gb-container gb-container-1325f95e\">\n<div class=\"gb-grid-wrapper gb-grid-wrapper-e590cd8c\">\n<div class=\"gb-grid-column gb-grid-column-42ca8409\"><div class=\"gb-container gb-container-42ca8409\">\n\n<h2 class=\"gb-headline gb-headline-49210e04\">\u0130stanbul Havaliman\u0131 Rehberi Hakk\u0131nda<\/h2>\n\n\n\n<p class=\"gb-headline gb-headline-2f768616 gb-headline-text\">TheIstanbulAirport.com <mark class=\"gb-highlight\">\u0130stanbul Havaliman\u0131 (IST) i\u00e7in \u00e7ok dilli (\u0130ngilizce\/T\u00fcrk\u00e7e), \u0130ngilizce dilinde ilk seyahat rehberidir.<\/mark><\/p>\n\n\n\n<p class=\"gb-headline gb-headline-6c2d5e49 gb-headline-text\"><mark class=\"gb-highlight\">Deneyimli gezginlerden olu\u015fan ekibimiz, \u0130stanbul Havaliman\u0131'na (IST) seyahat ederek ve bu havaliman\u0131n\u0131 kullanarak zaman ge\u00e7irmi\u015f ve do\u011fru ve g\u00fcncel bilgileri bulman\u0131n ne kadar zor oldu\u011funu bilmektedir.<\/mark>.<\/p>\n\n\n\n<p class=\"gb-headline gb-headline-1bd9bfdf gb-headline-text\">Okuyucular\u0131m\u0131za bir sonraki b\u00fcy\u00fck seyahatlerine haz\u0131rlanmalar\u0131 i\u00e7in m\u00fcmk\u00fcn olan en g\u00fcncel bilgileri sunmak amac\u0131yla, ilk elden deneyimler ve yerel \u00f6nerilere dayal\u0131 ayr\u0131nt\u0131l\u0131 havaalan\u0131 bilgileri ve ula\u015f\u0131m rehberleri haz\u0131rl\u0131yoruz.<\/p>\n\n\n\n<p class=\"gb-headline gb-headline-29b1f65d gb-headline-text\">Sorular\u0131n\u0131z, yorumlar\u0131n\u0131z, geri bildirimleriniz mi var? <a href=\"https:\/\/theistanbulairport.com\/tr\/iletisim\/\" data-type=\"page\" data-id=\"18\">Bize ula\u015f\u0131n<\/a>.<\/p>\n\n<\/div><\/div>\n\n<div class=\"gb-grid-column gb-grid-column-97cde27d\"><div class=\"gb-container gb-container-97cde27d\">\n\n<figure class=\"gb-block-image gb-block-image-7cb0cbc5\"><img loading=\"lazy\" decoding=\"async\" width=\"750\" height=\"750\" class=\"gb-image gb-image-7cb0cbc5\" src=\"https:\/\/theistanbulairport.com\/wp-content\/uploads\/2024\/08\/About-Airport-411.png\" alt=\"Hakk\u0131m\u0131zda\" title=\"Hakk\u0131m\u0131zda\" srcset=\"https:\/\/theistanbulairport.com\/wp-content\/uploads\/2024\/08\/About-Airport-411.png 750w, https:\/\/theistanbulairport.com\/wp-content\/uploads\/2024\/08\/About-Airport-411-300x300.png 300w, https:\/\/theistanbulairport.com\/wp-content\/uploads\/2024\/08\/About-Airport-411-150x150.png 150w\" sizes=\"auto, (max-width: 750px) 100vw, 750px\" \/><\/figure>\n\n<\/div><\/div>\n<\/div>\n<\/div>\n<\/div>\n\n<div class=\"gb-container gb-container-d26d4b61\">\n<div class=\"gb-container gb-container-fb154c1d\">\n\n<h3 class=\"gb-headline gb-headline-3b112fb7 gb-headline-text\">Bizimle Reklam Verin<\/h3>\n\n\n\n<p class=\"gb-headline gb-headline-5661632c gb-headline-text\">Bizimle reklam vermek ister misiniz? Bize bir mesaj g\u00f6nderin, en k\u0131sa s\u00fcrede sizinle ileti\u015fime ge\u00e7ece\u011fiz.<\/p>\n\n\n\n<a class=\"gb-button gb-button-510bb6f7\" href=\"https:\/\/theistanbulairport.com\/tr\/iletisim\/\"><span class=\"gb-button-text\">B\u0130ZE ULA\u015eIN<\/span><span class=\"gb-icon\"><svg viewbox=\"0 0 256 256\" height=\"32\" width=\"32\" xmlns=\"http:\/\/www.w3.org\/2000\/svg\"><path d=\"M128 24a104 104 0 1 0 104 104A104.11 104.11 0 0 0 128 24m0 192a88 88 0 1 1 88-88a88.1 88.1 0 0 1-88 88m45.66-93.66a8 8 0 0 1 0 11.32l-32 32a8 8 0 0 1-11.32-11.32L148.69 136H88a8 8 0 0 1 0-16h60.69l-18.35-18.34a8 8 0 0 1 11.32-11.32Z\" fill=\"currentColor\"><\/path><\/svg><\/span><\/a>\n\n<\/div>\n<\/div>","protected":false},"excerpt":{"rendered":"<p>Bizimle Reklam Verin Bizimle reklam vermek ister misiniz? Bize bir mesaj g\u00f6nderin, en k\u0131sa s\u00fcrede sizinle ileti\u015fime ge\u00e7ece\u011fiz.<\/p>","protected":false},"author":1,"featured_media":0,"parent":0,"menu_order":0,"comment_status":"closed","ping_status":"closed","template":"","meta":{"_monsterinsights_skip_tracking":false,"_monsterinsights_sitenote_active":false,"_monsterinsights_sitenote_note":"","_monsterinsights_sitenote_category":0,"footnotes":""},"class_list":["post-11708","page","type-page","status-publish"],"_links":{"self":[{"href":"https:\/\/theistanbulairport.com\/tr\/wp-json\/wp\/v2\/pages\/11708","targetHints":{"allow":["GET"]}}],"collection":[{"href":"https:\/\/theistanbulairport.com\/tr\/wp-json\/wp\/v2\/pages"}],"about":[{"href":"https:\/\/theistanbulairport.com\/tr\/wp-json\/wp\/v2\/types\/page"}],"author":[{"embeddable":true,"href":"https:\/\/theistanbulairport.com\/tr\/wp-json\/wp\/v2\/users\/1"}],"replies":[{"embeddable":true,"href":"https:\/\/theistanbulairport.com\/tr\/wp-json\/wp\/v2\/comments?post=11708"}],"version-history":[{"count":9,"href":"https:\/\/theistanbulairport.com\/tr\/wp-json\/wp\/v2\/pages\/11708\/revisions"}],"predecessor-version":[{"id":11868,"href":"https:\/\/theistanbulairport.com\/tr\/wp-json\/wp\/v2\/pages\/11708\/revisions\/11868"}],"wp:attachment":[{"href":"https:\/\/theistanbulairport.com\/tr\/wp-json\/wp\/v2\/media?parent=11708"}],"curies":[{"name":"wp","href":"https:\/\/api.w.org\/{rel}","templated":true}]}}