{"id":11483,"date":"2024-02-02T20:50:16","date_gmt":"2024-02-03T02:50:16","guid":{"rendered":"https:\/\/theistanbulairport.com\/?page_id=11483"},"modified":"2024-08-12T06:17:33","modified_gmt":"2024-08-12T12:17:33","slug":"havaalani-otoparki","status":"publish","type":"page","link":"https:\/\/theistanbulairport.com\/tr\/airport-parking\/","title":{"rendered":"\u0130stanbul Havaliman\u0131 Otopark\u0131"},"content":{"rendered":"<div class=\"gb-container gb-container-046d357a\"><div class=\"gb-inside-container\">\n<div class=\"gb-grid-wrapper gb-grid-wrapper-6280ad7b\">\n<div class=\"gb-grid-column gb-grid-column-e696f04a\"><div class=\"gb-container gb-container-e696f04a\"><div class=\"gb-inside-container\">\n\n<figure class=\"gb-block-image gb-block-image-a216cc42\"><img loading=\"lazy\" decoding=\"async\" width=\"960\" height=\"640\" class=\"gb-image gb-image-a216cc42\" src=\"https:\/\/theistanbulairport.com\/wp-content\/uploads\/2024\/01\/Istanbul-Airport-Parking.jpg\" alt=\"\" title=\"\u0130stanbul-Havaliman\u0131-Park\" srcset=\"https:\/\/theistanbulairport.com\/wp-content\/uploads\/2024\/01\/Istanbul-Airport-Parking.jpg 960w, https:\/\/theistanbulairport.com\/wp-content\/uploads\/2024\/01\/Istanbul-Airport-Parking-300x200.jpg 300w, https:\/\/theistanbulairport.com\/wp-content\/uploads\/2024\/01\/Istanbul-Airport-Parking-768x512.jpg 768w\" sizes=\"auto, (max-width: 960px) 100vw, 960px\" \/><\/figure>\n\n<\/div><\/div><\/div>\n\n<div class=\"gb-grid-column gb-grid-column-76b361f3\"><div class=\"gb-container gb-container-76b361f3\"><div class=\"gb-inside-container\">\n\n<h2 class=\"gb-headline gb-headline-abccfb89 gb-headline-text\">\u0130stanbul Havaliman\u0131 Otopark\u0131<\/h2>\n\n\n\n<p class=\"gb-headline gb-headline-f638b9e1 gb-headline-text\">\u0130stanbul Havaliman\u0131, be\u015f otopark ve 18.000'den fazla park yeri ile d\u00fcnyan\u0131n en b\u00fcy\u00fck \u00e7ok katl\u0131 otopark tesisine sahiptir. <\/p>\n\n\n\n<p class=\"gb-headline gb-headline-6b37087a gb-headline-text\">\u0130stanbul Havaliman\u0131 otopark\u0131 hem \u0130\u00e7 Hatlar hem de D\u0131\u015f Hatlar terminallerinde mevcuttur.<\/p>\n\n\n\n<p class=\"gb-headline gb-headline-eb43e582 gb-headline-text\">A\u015fa\u011f\u0131da, \u0130stanbul Havaliman\u0131'nda arac\u0131n\u0131z\u0131 park etmek i\u00e7in ihtiyac\u0131n\u0131z olan konum, park kapasitesi, fiyatlar ve daha fazlas\u0131 dahil olmak \u00fczere t\u00fcm bilgileri ke\u015ffedeceksiniz.<\/p>\n\n\n\n<p class=\"gb-headline gb-headline-aed642f3 gb-headline-text\"><strong>\u015euraya ge\u00e7:<\/strong> <span style=\"text-decoration: underline;\"><a href=\"#BYR-parking\" data-type=\"internal\" data-id=\"#BYR-parking\">Mavi, Sar\u0131 ve K\u0131rm\u0131z\u0131 Otopark<\/a><\/span> | <span style=\"text-decoration: underline;\"><a href=\"#TP-parking\" data-type=\"internal\" data-id=\"#tp-parking\">Turkuaz &amp; Mor Otoparklar<\/a><\/span> <span style=\"text-decoration: underline;\"><\/span><gwmw style=\"display:none;\"><\/gwmw><\/p>\n\n<\/div><\/div><\/div>\n<\/div>\n<\/div><\/div>\n\n<div class=\"gb-container gb-container-83f4d3ea\" id=\"BYR-parking\">\n<div class=\"gb-container gb-container-cf082677\">\n<div class=\"gb-grid-wrapper gb-grid-wrapper-77402c1f\">\n<div class=\"gb-grid-column gb-grid-column-d709f6f5\"><div class=\"gb-container gb-container-d709f6f5\">\n\n<h2 class=\"gb-headline gb-headline-445af861 gb-headline-text\">Mavi, Sar\u0131 ve K\u0131rm\u0131z\u0131 Otoparklar<\/h2>\n\n\n\n<p>\u0130stanbul Havaliman\u0131'ndaki Mavi ve K\u0131rm\u0131z\u0131 otoparklar yedi\u015fer katl\u0131, Sar\u0131 otopark ise 3 katl\u0131d\u0131r. Hem k\u0131sa s\u00fcreli hem de uzun s\u00fcreli park se\u00e7enekleri mevcuttur. <\/p>\n\n\n\n<p><strong>Konum:<\/strong> D\u0131\u015f Hatlar Terminali yak\u0131n\u0131nda <gwmw style=\"display:none;\"><\/gwmw><\/p>\n\n<\/div><\/div>\n\n<div class=\"gb-grid-column gb-grid-column-d19d4d6e\"><div class=\"gb-container gb-container-d19d4d6e\">\n\n<iframe src=\"https:\/\/www.google.com\/maps\/embed?pb=!1m18!1m12!1m3!1d11997.41944826671!2d28.724559055419924!3d41.25760880000002!2m3!1f0!2f0!3f0!3m2!1i1024!2i768!4f13.1!3m3!1m2!1s0x409ffe30ace327ed%3A0x1f1904a9ac81c076!2s%C4%B0stanbul%20Havaliman%C4%B1%20Otopark!5e0!3m2!1sen!2s!4v1706380555195!5m2!1sen!2s\" width=\"800\" height=\"300\" style=\"border:0;\" allowfullscreen=\"\" loading=\"lazy\" referrerpolicy=\"no-referrer-when-downgrade\"><\/iframe>\n\n<\/div><\/div>\n<\/div>\n<\/div>\n<\/div>\n\n<div class=\"gb-container gb-container-2a5fc2b1\" id=\"TP-parking\">\n<div class=\"gb-container gb-container-31da079b\">\n<div class=\"gb-grid-wrapper gb-grid-wrapper-fd0e268e\">\n<div class=\"gb-grid-column gb-grid-column-105d09b0\"><div class=\"gb-container gb-container-105d09b0\">\n\n<h2 class=\"gb-headline gb-headline-6b61957e gb-headline-text\">Turkuaz &amp; Mor Otoparklar <gwmw style=\"display: none; background-color: transparent;\"><\/gwmw><\/h2>\n\n\n\n<p>Turkuaz ve Mor otoparklar\u0131n her biri yedi katl\u0131d\u0131r. En \u00fcst katlar park i\u00e7in a\u00e7\u0131k alanlard\u0131r. Hem k\u0131sa s\u00fcreli hem de uzun s\u00fcreli park se\u00e7enekleri sunulmaktad\u0131r.<gwmw style=\"display:none;\"><\/gwmw><gwmw style=\"display:none;\"><\/gwmw><\/p>\n\n\n\n<p><strong>Konum:<\/strong> \u0130\u00e7 Hatlar Terminali yak\u0131n\u0131nda <gwmw style=\"display:none;\"><\/gwmw><\/p>\n\n<\/div><\/div>\n\n<div class=\"gb-grid-column gb-grid-column-900093c2\"><div class=\"gb-container gb-container-900093c2\">\n\n<iframe src=\"https:\/\/www.google.com\/maps\/embed?pb=!1m18!1m12!1m3!1d11997.41944826671!2d28.724559055419924!3d41.25760880000002!2m3!1f0!2f0!3f0!3m2!1i1024!2i768!4f13.1!3m3!1m2!1s0x409ffe30ace327ed%3A0x1f1904a9ac81c076!2s%C4%B0stanbul%20Havaliman%C4%B1%20Otopark!5e0!3m2!1sen!2s!4v1706380555195!5m2!1sen!2s\" width=\"800\" height=\"300\" style=\"border:0;\" allowfullscreen=\"\" loading=\"lazy\" referrerpolicy=\"no-referrer-when-downgrade\"><\/iframe>\n\n<\/div><\/div>\n<\/div>\n<\/div>\n<\/div>\n\n<div class=\"gb-container gb-container-3de20e72\" id=\"parking-services\">\n\n<h2 class=\"gb-headline gb-headline-065186b5 gb-headline-text\">\u0130stanbul Havaliman\u0131 Otopark Hizmetleri<\/h2>\n\n\n\n<p>\u0130stanbul Havaliman\u0131'ndaki t\u00fcm otoparklar a\u015fa\u011f\u0131daki hizmetleri sunmaktad\u0131r:<\/p>\n\n\n\n<h3 class=\"gb-headline gb-headline-f6ba4c79 gb-headline-text\">Vale Park:<gwmw style=\"display:none;\"><\/gwmw><\/h3>\n\n\n\n<p>Vale hizmeti CIP terminal giri\u015finde mevcuttur. Konuklar vale hizmetini tercih edebilir veya yolcular\u0131n\u0131 CIP terminaline b\u0131rakt\u0131ktan sonra ara\u00e7lar\u0131yla kapal\u0131 otoparka ge\u00e7ebilirler.<\/p>\n\n\n\n<h3 class=\"gb-headline gb-headline-fe5931a3 gb-headline-text\">Teknolojik Hizmetler:<gwmw style=\"display:none;\"><\/gwmw><\/h3>\n\n\n\n<p>Basit talimatlar i\u00e7eren 'Arac\u0131m\u0131 Bul' uygulamas\u0131n\u0131 kullanarak arac\u0131n\u0131z\u0131 kolayca bulabilirsiniz. Ayr\u0131ca H\u0131zl\u0131 Ge\u00e7i\u015f Sistemi (HGS) \u00f6deme se\u00e7ene\u011fi de mevcuttur.<\/p>\n\n\n\n<h3 class=\"gb-headline gb-headline-39a90972 gb-headline-text\">G\u00fcvenlik ve G\u00f6zetim:<gwmw style=\"display:none;\"><\/gwmw><\/h3>\n\n\n\n<p>\u0130stanbul Havaliman\u0131 otopark\u0131nda 7\/24 CCTV sistemi mevcuttur. G\u00fcvenlik personeli ve devriyeler arac\u0131n\u0131z\u0131 korumak i\u00e7in g\u00fcn\u00fcn her saati \u00e7al\u0131\u015fmaktad\u0131r.<\/p>\n\n\n\n<h3 class=\"gb-headline gb-headline-2d9e580e gb-headline-text\">Ara\u00e7 Bak\u0131m\u0131:<gwmw style=\"display:none;\"><\/gwmw><\/h3>\n\n\n\n<p>\u0130stanbul Havaliman\u0131 otopark\u0131, g\u00fcvenilir Bosch otomobil markas\u0131 alt\u0131nda garantili bak\u0131m, onar\u0131m, lastik tamiri ve lastik depolama hizmetleri sunmaktad\u0131r. Ara\u00e7 y\u0131kama ve detayland\u0131rma hizmetleri de mevcuttur.<gwmw style=\"display:none;\"><\/gwmw><gwmw style=\"display:none;\"><\/gwmw><\/p>\n\n<\/div>\n\n<div class=\"gb-container gb-container-ae76a746\" id=\"parking-rates\">\n<div class=\"gb-container gb-container-88fbad3f\">\n<div class=\"gb-container gb-container-c1a5582d\">\n\n<h2 class=\"gb-headline gb-headline-9bba5b44 gb-headline-text\">\u0130stanbul Havaliman\u0131 Otopark \u00dccretleri <\/h2>\n\n\n\n<p>T\u00fcm otoparklar\u0131n \u00fccretleri ayn\u0131d\u0131r. Kapal\u0131 otopark\u0131n her b\u00f6l\u00fcm\u00fcnde bulunan \u00e7\u0131k\u0131\u015f bariyer kap\u0131lar\u0131nda H\u0131zl\u0131 Ge\u00e7i\u015f Sistemi (HGS) ile \u00f6deme yapabilirsiniz. Motosiklet s\u00fcr\u00fcc\u00fcleri P3 kat\u0131nda bulunan manuel \u00f6deme kiosklar\u0131n\u0131 kullanmal\u0131d\u0131r.<\/p>\n\n\n\n<h3 class=\"gb-headline gb-headline-6143a6e8 gb-headline-text\">Kapal\u0131 Otopark \u00dccretleri<gwmw style=\"display:none;\"><\/gwmw><\/h3>\n\n\n\n<figure class=\"wp-block-table\"><table><thead><tr><th class=\"has-text-align-left\" data-align=\"left\">Zaman:<\/th><th class=\"has-text-align-left\" data-align=\"left\">Arabalar:<\/th><th class=\"has-text-align-left\" data-align=\"left\">Motos:<\/th><\/tr><\/thead><tbody><tr><td class=\"has-text-align-left\" data-align=\"left\">0-1 saat<\/td><td class=\"has-text-align-left\" data-align=\"left\">90 TL<\/td><td class=\"has-text-align-left\" data-align=\"left\">40 TL<\/td><\/tr><tr><td class=\"has-text-align-left\" data-align=\"left\">1-3 saat<\/td><td class=\"has-text-align-left\" data-align=\"left\">110 TL<\/td><td class=\"has-text-align-left\" data-align=\"left\">50 TL<\/td><\/tr><tr><td class=\"has-text-align-left\" data-align=\"left\">3-6 saat<\/td><td class=\"has-text-align-left\" data-align=\"left\">165 TL<\/td><td class=\"has-text-align-left\" data-align=\"left\">80 TL<\/td><\/tr><tr><td class=\"has-text-align-left\" data-align=\"left\">6-12 saat<\/td><td class=\"has-text-align-left\" data-align=\"left\">200 TL<\/td><td class=\"has-text-align-left\" data-align=\"left\">100 TL<\/td><\/tr><tr><td class=\"has-text-align-left\" data-align=\"left\">12-24 saat<\/td><td class=\"has-text-align-left\" data-align=\"left\">270 TL<\/td><td class=\"has-text-align-left\" data-align=\"left\">135 TL<\/td><\/tr><tr><td class=\"has-text-align-left\" data-align=\"left\">Ayl\u0131k<\/td><td class=\"has-text-align-left\" data-align=\"left\">3455 TL<\/td><td class=\"has-text-align-left\" data-align=\"left\">1730 TL<\/td><\/tr><\/tbody><\/table><\/figure>\n\n\n\n<h3 class=\"gb-headline gb-headline-a6a04eb7 gb-headline-text\">A\u00e7\u0131k Otopark Alan\u0131 \u00dccretleri<gwmw style=\"display: none; background-color: transparent;\"><\/gwmw><gwmw style=\"display: none; background-color: transparent;\"><\/gwmw><gwmw style=\"display: none; background-color: transparent;\"><\/gwmw><gwmw style=\"display:none;\"><\/gwmw><\/h3>\n\n\n\n<figure class=\"wp-block-table\"><table><thead><tr><th class=\"has-text-align-left\" data-align=\"left\">Zaman:<\/th><th class=\"has-text-align-left\" data-align=\"left\">Arabalar:<\/th><th class=\"has-text-align-left\" data-align=\"left\">Motos:<\/th><\/tr><\/thead><tbody><tr><td class=\"has-text-align-left\" data-align=\"left\">0-1 saat<\/td><td class=\"has-text-align-left\" data-align=\"left\">70 TL<\/td><td class=\"has-text-align-left\" data-align=\"left\">35 TL<\/td><\/tr><tr><td class=\"has-text-align-left\" data-align=\"left\">1-3 saat<\/td><td class=\"has-text-align-left\" data-align=\"left\">80 TL<\/td><td class=\"has-text-align-left\" data-align=\"left\">40 TL<\/td><\/tr><tr><td class=\"has-text-align-left\" data-align=\"left\">3-6 saat<\/td><td class=\"has-text-align-left\" data-align=\"left\">120 TL<\/td><td class=\"has-text-align-left\" data-align=\"left\">60 TL<\/td><\/tr><tr><td class=\"has-text-align-left\" data-align=\"left\">6-12 saat<\/td><td class=\"has-text-align-left\" data-align=\"left\">135 TL<\/td><td class=\"has-text-align-left\" data-align=\"left\">70 TL<\/td><\/tr><tr><td class=\"has-text-align-left\" data-align=\"left\">12-24 saat<\/td><td class=\"has-text-align-left\" data-align=\"left\">190 TL<\/td><td class=\"has-text-align-left\" data-align=\"left\">90 TL<\/td><\/tr><tr><td class=\"has-text-align-left\" data-align=\"left\">Ayl\u0131k<\/td><td class=\"has-text-align-left\" data-align=\"left\">TRY 2430<\/td><td class=\"has-text-align-left\" data-align=\"left\">1150 TL<\/td><\/tr><\/tbody><\/table><\/figure>\n\n\n\n<p><gwmw style=\"display:none;\"><\/gwmw><gwmw style=\"display:none;\"><\/gwmw><\/p>\n\n<\/div>\n<\/div>\n<\/div>\n\n\n<p><gwmw style=\"display:none;\"><\/gwmw><\/p>","protected":false},"excerpt":{"rendered":"<p>\u0130stanbul Havaliman\u0131 Otopark Hizmetleri \u0130stanbul Havaliman\u0131'ndaki t\u00fcm otoparklar a\u015fa\u011f\u0131daki hizmetleri sunmaktad\u0131r: Vale Parking: CIP terminal giri\u015finde vale hizmeti mevcuttur. Misafirler vale hizmetini tercih edebilir veya yolcular\u0131n\u0131 CIP terminaline b\u0131rakt\u0131ktan sonra ara\u00e7lar\u0131yla kapal\u0131 otoparka ge\u00e7ebilirler. Teknolojik Hizmetler: Havaliman\u0131nda ... <a title=\"\u0130stanbul Havaliman\u0131 Otopark\u0131\" class=\"read-more\" href=\"https:\/\/theistanbulairport.com\/tr\/airport-parking\/\" aria-label=\"\u0130stanbul Havaliman\u0131 Otopark\u0131 hakk\u0131nda daha fazla bilgi edinin\">Daha fazla bilgi edinin<\/a><\/p>","protected":false},"author":1,"featured_media":0,"parent":0,"menu_order":0,"comment_status":"closed","ping_status":"closed","template":"","meta":{"_monsterinsights_skip_tracking":false,"_monsterinsights_sitenote_active":false,"_monsterinsights_sitenote_note":"","_monsterinsights_sitenote_category":0,"footnotes":""},"class_list":["post-11483","page","type-page","status-publish"],"_links":{"self":[{"href":"https:\/\/theistanbulairport.com\/tr\/wp-json\/wp\/v2\/pages\/11483","targetHints":{"allow":["GET"]}}],"collection":[{"href":"https:\/\/theistanbulairport.com\/tr\/wp-json\/wp\/v2\/pages"}],"about":[{"href":"https:\/\/theistanbulairport.com\/tr\/wp-json\/wp\/v2\/types\/page"}],"author":[{"embeddable":true,"href":"https:\/\/theistanbulairport.com\/tr\/wp-json\/wp\/v2\/users\/1"}],"replies":[{"embeddable":true,"href":"https:\/\/theistanbulairport.com\/tr\/wp-json\/wp\/v2\/comments?post=11483"}],"version-history":[{"count":12,"href":"https:\/\/theistanbulairport.com\/tr\/wp-json\/wp\/v2\/pages\/11483\/revisions"}],"predecessor-version":[{"id":11682,"href":"https:\/\/theistanbulairport.com\/tr\/wp-json\/wp\/v2\/pages\/11483\/revisions\/11682"}],"wp:attachment":[{"href":"https:\/\/theistanbulairport.com\/tr\/wp-json\/wp\/v2\/media?parent=11483"}],"curies":[{"name":"wp","href":"https:\/\/api.w.org\/{rel}","templated":true}]}}