{"id":11377,"date":"2024-01-21T12:26:06","date_gmt":"2024-01-21T18:26:06","guid":{"rendered":"https:\/\/theistanbulairport.com\/?page_id=11377"},"modified":"2024-08-12T06:17:38","modified_gmt":"2024-08-12T12:17:38","slug":"havaalani-bekleme-salonlari","status":"publish","type":"page","link":"https:\/\/theistanbulairport.com\/tr\/airport-lounges\/","title":{"rendered":"\u0130stanbul Havaliman\u0131 Yolcu Salonlar\u0131"},"content":{"rendered":"<div class=\"gb-container gb-container-c9b61616\">\n<div class=\"gb-container gb-container-046d357a\"><div class=\"gb-inside-container\">\n<div class=\"gb-grid-wrapper gb-grid-wrapper-6280ad7b\">\n<div class=\"gb-grid-column gb-grid-column-e696f04a\"><div class=\"gb-container gb-container-e696f04a\"><div class=\"gb-inside-container\">\n\n<figure class=\"gb-block-image gb-block-image-a216cc42\"><img loading=\"lazy\" decoding=\"async\" width=\"960\" height=\"640\" class=\"gb-image gb-image-a216cc42\" src=\"https:\/\/theistanbulairport.com\/wp-content\/uploads\/2024\/01\/Istanbul-Airport-Lounges-Icon.jpg\" alt=\"\u0130stanbul Havaliman\u0131 Yolcu Salonlar\u0131\" title=\"\u0130stanbul Havaliman\u0131 Yolcu Salonlar\u0131\" srcset=\"https:\/\/theistanbulairport.com\/wp-content\/uploads\/2024\/01\/Istanbul-Airport-Lounges-Icon.jpg 960w, https:\/\/theistanbulairport.com\/wp-content\/uploads\/2024\/01\/Istanbul-Airport-Lounges-Icon-300x200.jpg 300w, https:\/\/theistanbulairport.com\/wp-content\/uploads\/2024\/01\/Istanbul-Airport-Lounges-Icon-768x512.jpg 768w\" sizes=\"auto, (max-width: 960px) 100vw, 960px\" \/><\/figure>\n\n<\/div><\/div><\/div>\n\n<div class=\"gb-grid-column gb-grid-column-76b361f3\"><div class=\"gb-container gb-container-76b361f3\"><div class=\"gb-inside-container\">\n\n<h2 class=\"gb-headline gb-headline-abccfb89 gb-headline-text\">\u0130stanbul Havaliman\u0131 Yolcu Salonlar\u0131<gwmw style=\"display:none;\"><\/gwmw><gwmw style=\"display:none;\"><\/gwmw><gwmw style=\"display:none;\"><\/gwmw><\/h2>\n\n\n\n<p class=\"gb-headline gb-headline-f638b9e1 gb-headline-text\">\u0130stanbul'daki dura\u011f\u0131n\u0131z s\u0131ras\u0131nda keyfini \u00e7\u0131karabilece\u011finiz \u00e7ok \u00e7e\u015fitli \u0130stanbul Havaliman\u0131 Bekleme Salonlar\u0131 vard\u0131r. <\/p>\n\n\n\n<p>T\u00fcrk Hava Yollar\u0131 yolcu salonlar\u0131n\u0131n lezzetli yerel yemeklerinden \u0130GA yolcu salonlar\u0131n\u0131n rahatlat\u0131c\u0131 atmosferine kadar, \u0130stanbul Havaliman\u0131 yolcu salonlar\u0131 bir sonraki u\u00e7u\u015funuzu yakalamadan \u00f6nce rahatlamak ve gev\u015femek i\u00e7in ihtiyac\u0131n\u0131z olan her \u015feye sahiptir.<gwmw style=\"display:none;\"><\/gwmw><\/p>\n\n\n\n<p>A\u015fa\u011f\u0131da, \u0130stanbul Havaliman\u0131'nda ideal havaliman\u0131 bekleme salonunu bulmak i\u00e7in ihtiyac\u0131n\u0131z olan olanaklar, konumlar, \u00e7al\u0131\u015fma saatleri, giri\u015f gereksinimleri ve daha fazlas\u0131 dahil olmak \u00fczere t\u00fcm bilgileri ke\u015ffedeceksiniz.<\/p>\n\n\n\n<p class=\"gb-headline gb-headline-aed642f3 gb-headline-text\"><strong>\u015euraya ge\u00e7:<\/strong> <span style=\"text-decoration: underline;\"><a href=\"#international-terminal-lounges\" data-type=\"internal\" data-id=\"#Int-lounges\">Uluslararas\u0131 Terminal Salonlar\u0131<\/a><\/span> | <span style=\"text-decoration: underline;\"><a href=\"#domestic-terminal-lounges\" data-type=\"internal\" data-id=\"#dom-lounges\">\u0130\u00e7 Hatlar Terminal Salonlar\u0131<\/a><\/span><gwmw style=\"display: none; background-color: transparent;\"><\/gwmw><\/p>\n\n<\/div><\/div><\/div>\n<\/div>\n<\/div><\/div>\n<\/div>\n\n<div class=\"gb-container gb-container-5c9c58e9\">\n<div class=\"gb-container gb-container-c55cb7c1\"><div class=\"gb-inside-container\">\n\n<\/div><\/div>\n<\/div>\n\n<div class=\"gb-container gb-container-83f4d3ea\" id=\"international-terminal-lounges\">\n<div class=\"gb-container gb-container-cf082677\">\n\n<h2 class=\"gb-headline gb-headline-c460d5b3 gb-headline-text\">Uluslararas\u0131 Terminal Salonlar\u0131<\/h2>\n\n\n\n<p>\u0130stanbul Havaliman\u0131 D\u0131\u015f Hatlar Terminali'nde \u00e7e\u015fitli yolcu salonlar\u0131 bulunmaktad\u0131r. Her biri konforlu bir atmosfere ve \u00e7ok \u00e7e\u015fitli olanaklara sahiptir. <gwmw style=\"display:none;\"><\/gwmw><\/p>\n\n\n\n<h3 class=\"gb-headline gb-headline-695d9eff gb-headline-text\">1. iGA Uluslararas\u0131 Lounge<\/h3>\n\n\n\n<ul class=\"wp-block-list\">\n<li><strong>Konum<\/strong>: D\u0131\u015f Hatlar Terminali, g\u00fcvenli\u011fin \u00f6tesinde, Pasaport Kontrol\u00fcnden sonra sola d\u00f6n\u00fcn, Asma Katta sa\u011fda.<gwmw style=\"display:none;\"><\/gwmw><\/li>\n\n\n\n<li><strong>Kapasite:<\/strong> 650 konuk<\/li>\n\n\n\n<li><strong>\u00c7al\u0131\u015fma Saatleri<\/strong>: G\u00fcnde 24 Saat, baz\u0131 \u00fccretsiz hizmetler yaln\u0131zca sabah 8:00 ile ak\u015fam 5:00 aras\u0131nda (Sal\u0131, \u00c7ar\u015famba, Cuma, Cumartesi, G\u00fcne\u015f) mevcuttur.<\/li>\n\n\n\n<li><strong>Hizmetler<\/strong>: Dinlenme alanlar\u0131, Wi-Fi, bar alan\u0131, a\u00e7\u0131k b\u00fcfe ve yiyecek-i\u00e7ecek alan\u0131, dinlenme olanaklar\u0131, du\u015f alanlar\u0131, mescit ve abdest alma alanlar\u0131, \u00fccretsiz masaj hizmeti, i\u015f istasyonlar\u0131, toplant\u0131 odalar\u0131, u\u00e7u\u015f bilgi ekranlar\u0131, \u00e7ocuk tesisleri ve temiz hava teras\u0131.<\/li>\n\n\n\n<li><strong>Gereksinimler:<\/strong> iGA Pass Card (Plus, Extra ve Premium), ortak havayollar\u0131n\u0131n yolcular\u0131, anla\u015fmal\u0131 seyahat programlar\u0131n\u0131n \u00fcyeleri (Priority Pass, Dragon Pass, High Pass, LoungeMe), iGA Daily Pass sahipleri, bankodan bireysel al\u0131\u015fveri\u015f yapan yolcular, dijital al\u0131\u015fveri\u015f yapan yolcular, iGA Meet and Greet Hizmetini kullanan yolcular.<\/li>\n\n\n\n<li><strong>Web sitesi:<\/strong> <a href=\"https:\/\/www.igapass.com\/en\/iga-lounge-p-6000?locale=en\" target=\"_blank\" rel=\"noreferrer noopener\"><span style=\"text-decoration: underline;\">iGA Uluslararas\u0131 Lounge<\/span><\/a><\/li>\n<\/ul>\n\n\n\n<h3 class=\"gb-headline gb-headline-22dd0d05 gb-headline-text\">2. SkyTeam Dinlenme Salonu<\/h3>\n\n\n\n<ul class=\"wp-block-list\">\n<li><strong>Konum<\/strong>: D\u0131\u015f Hatlar Terminali, Bat\u0131 Kanad\u0131, H Kat\u0131<\/li>\n\n\n\n<li><strong>\u00c7al\u0131\u015fma Saatleri<\/strong>: G\u00fcnl\u00fck 24 Saat <\/li>\n\n\n\n<li><strong>Hizmetler<\/strong>: Du\u015flar, \u00fccretsiz Wi-Fi, tekerlekli sandalye eri\u015fimi, h\u0131zl\u0131 yemek, aksiyon istasyonu, mezeler, at\u0131\u015ft\u0131rmal\u0131klar, bira ve \u015farap, alkoll\u00fc i\u00e7ecekler, alkols\u00fcz i\u00e7ecekler, u\u00e7u\u015f monit\u00f6r\u00fc, TV odas\u0131, gazeteler ve dergiler.<\/li>\n\n\n\n<li><strong>Eri\u015fim<\/strong>: SkyTeam \u00fcyesi bir havayolu ile ayn\u0131 g\u00fcn uluslararas\u0131 bir u\u00e7u\u015fta First ve Business Class yolcular\u0131 (Elite Plus \u00fcyeleri ve misafirleri de bu t\u00fcr u\u00e7u\u015flarda eri\u015fimden yararlan\u0131r).<\/li>\n\n\n\n<li><strong>Web sitesi<\/strong>: <a href=\"https:\/\/www.skyteam.com\/en\/lounges\/istanbul\/\" target=\"_blank\" data-type=\"link\" data-id=\"https:\/\/www.skyteam.com\/en\/lounges\/istanbul\/\" rel=\"noreferrer noopener\"><span style=\"text-decoration: underline;\">SkyTeam Dinlenme Salonu<\/span><\/a><\/li>\n<\/ul>\n\n\n\n<h3 class=\"gb-headline gb-headline-62f06e69 gb-headline-text\">3. T\u00fcrk Hava Yollar\u0131 Business Lounge<gwmw style=\"display:none;\"><\/gwmw><\/h3>\n\n\n\n<ul class=\"wp-block-list\">\n<li><strong>Konum<\/strong>: D\u0131\u015f Hatlar Gidi\u015f Kat\u0131, Hava Taraf\u0131, E1 Kap\u0131s\u0131 Kar\u015f\u0131s\u0131<\/li>\n\n\n\n<li><strong>\u00c7al\u0131\u015fma Saatleri<\/strong>: G\u00fcnl\u00fck 24 Saat <gwmw style=\"display:none;\"><\/gwmw><gwmw style=\"display:none;\"><\/gwmw><\/li>\n\n\n\n<li><strong>Hizmetler<\/strong>: \u00d6zel s\u00fcit odalar, du\u015f olanaklar\u0131, dinlenme odas\u0131, \u00e7al\u0131\u015fma alan\u0131, mescit ve abdest alma alanlar\u0131, di\u011fer dinler i\u00e7in ibadet alanlar\u0131, \u00e7ocuk oyun alan\u0131, Wi-Fi ve T\u00fcrk ve d\u00fcnya mutfaklar\u0131ndan yemekler sunan a\u00e7\u0131k b\u00fcfe.<\/li>\n\n\n\n<li><strong>Eri\u015fim<\/strong>: T\u00fcrk Hava Yollar\u0131 veya Star Alliance \u00dcyesi Havayollar\u0131n\u0131n Business Class yolcular\u0131.<\/li>\n\n\n\n<li><strong>Web sitesi<\/strong>: <span style=\"text-decoration: underline;\"><a href=\"https:\/\/www.turkishairlines.com\/en-int\/flights\/fly-different\/international-lounge\/\" target=\"_blank\" data-type=\"link\" data-id=\"https:\/\/www.turkishairlines.com\/en-int\/flights\/fly-different\/international-lounge\/\" rel=\"noreferrer noopener\">T\u00fcrk Hava Yollar\u0131 Business Lounge<\/a><\/span><\/li>\n<\/ul>\n\n\n\n<h3 class=\"gb-headline gb-headline-8f783a87 gb-headline-text\">4. T\u00fcrk Hava Yollar\u0131 Miles &amp; Smiles \u00d6zel Yolcu Salonu<\/h3>\n\n\n\n<ul class=\"wp-block-list\">\n<li><strong>Konum<\/strong>: D\u0131\u015f Hatlar Gidi\u015f Kat\u0131, Hava Taraf\u0131, C1 Kap\u0131s\u0131 Kar\u015f\u0131s\u0131<\/li>\n\n\n\n<li><strong>\u00c7al\u0131\u015fma Saatleri<\/strong>: G\u00fcnl\u00fck 24 Saat <\/li>\n\n\n\n<li><strong>Kapasite<\/strong>: 765 konuk<\/li>\n\n\n\n<li><strong>Hizmetler<\/strong>: K\u00fct\u00fcphane, \u00e7ocuk oyun alan\u0131, sinema, PressReader, toplant\u0131 odalar\u0131, \u00f6zel s\u00fcit odalar, du\u015f olanaklar\u0131, a\u00e7\u0131k b\u00fcfe (T\u00fcrk ve d\u00fcnya mutfa\u011f\u0131), Wi-Fi<\/li>\n\n\n\n<li><strong>Web sitesi:<\/strong> <a href=\"https:\/\/www.turkishairlines.com\/en-int\/flights\/fly-different\/international-lounge\/\" target=\"_blank\" data-type=\"link\" data-id=\"https:\/\/www.turkishairlines.com\/en-int\/flights\/fly-different\/international-lounge\/\" rel=\"noreferrer noopener\"><span style=\"text-decoration: underline;\">T\u00fcrk Hava Yollar\u0131 Miles &amp; Smiles \u00d6zel Yolcu Salonu<\/span><\/a><\/li>\n<\/ul>\n\n\n\n<h4 class=\"gb-headline gb-headline-1cbc21e2 gb-headline-text\">Eri\u015fim ve Gereksinimler:<\/h4>\n\n\n\n<ul class=\"wp-block-list\">\n<li>T\u00fcrk Hava Yollar\u0131 Business Class yolcular\u0131<\/li>\n\n\n\n<li>Star Alliance Gold \u00fcyeleri (T\u00fcrk Hava Yollar\u0131'nda Economy Class'ta 1 misafir)<\/li>\n\n\n\n<li>Turkish Airlines Corporate Club kart sahipleri (1 misafir)<\/li>\n\n\n\n<li>Di\u011fer Star Alliance havayollar\u0131nda Economy Class'ta Miles &amp; Smiles Elite yolcular\u0131 (1 misafiri olan Elite Plus \u00fcyeleri dahil)<\/li>\n\n\n\n<li>Star Alliance Gold \u00fcyeleri (di\u011fer Star Alliance havayollar\u0131nda Economy Class'ta 1 misafir)<\/li>\n\n\n\n<li>Miles &amp; Smiles Elite ve Elite Plus yolcular\u0131 T\u00fcrk Hava Yollar\u0131 Economy Class'ta (misafir veya aile ile: e\u015f ve 25 ya\u015f alt\u0131 \u00e7ocuklar, 25 ya\u015f \u00fcst\u00fc \u00e7ocuklar i\u00e7in \u00fccretli)<\/li>\n\n\n\n<li>\u0130\u00e7 hat u\u00e7u\u015flar\u0131nda Business Class'a y\u00fckseltme yapan yolcular \u00fccretsiz lounge hizmetinden yararlanamaz<\/li>\n\n\n\n<li>Miles &amp; Smiles Elite ve Elite Plus kart sahibi misafirlerimiz, Star Alliance taraf\u0131ndan yap\u0131lan kural de\u011fi\u015fikli\u011fi nedeniyle 3 May\u0131s 2021 tarihinden itibaren farkl\u0131 bir Star Alliance u\u00e7u\u015funda seyahat etseler bile T\u00fcrk Hava Yollar\u0131 yolcu salonlar\u0131n\u0131 kullanabilecekler.<\/li>\n<\/ul>\n\n\n\n<h3 class=\"gb-headline gb-headline-8a9e800a gb-headline-text\">5. Pop Up Lounge<\/h3>\n\n\n\n<ul class=\"wp-block-list\">\n<li><strong>Konum<\/strong>: D\u0131\u015f Hatlar Gidi\u015f Kat\u0131, A5 Kap\u0131s\u0131 Kar\u015f\u0131s\u0131<\/li>\n\n\n\n<li><strong>\u00c7al\u0131\u015fma Saatleri<\/strong>: G\u00fcnl\u00fck 24 Saat <\/li>\n\n\n\n<li><strong>Kapasite:<\/strong> 54 Misafir <\/li>\n\n\n\n<li><strong>Hizmetler<\/strong>: Wi-Fi, lezzetli at\u0131\u015ft\u0131rmal\u0131klar, s\u0131cak ve so\u011fuk i\u00e7ecekler, \u015farj istasyonu, u\u00e7u\u015f bilgi g\u00f6r\u00fcnt\u00fcleme sistemi ve TV<\/li>\n\n\n\n<li><strong>Web sitesi:<\/strong> <span style=\"text-decoration: underline;\"><a href=\"https:\/\/www.igapass.com\/en\/iga-pop-up-lounge-p-2000?locale=en\" target=\"_blank\" data-type=\"link\" data-id=\"https:\/\/www.igapass.com\/en\/iga-pop-up-lounge-p-2000?locale=en\" rel=\"noreferrer noopener\">Pop Up Lounge<\/a><\/span><\/li>\n<\/ul>\n\n<\/div>\n<\/div>\n\n<div class=\"gb-container gb-container-f9e576ab\">\n<div class=\"gb-container gb-container-c8dfdbcd\">\n\n<h3 class=\"gb-headline gb-headline-740e15e2 gb-headline-text\">Yolcu Salonlar\u0131 Listesi (D\u0131\u015f Hatlar Terminali)<\/h3>\n\n\n\n<figure class=\"wp-block-table\"><table><thead><tr><th class=\"has-text-align-left\" data-align=\"left\">\u2708\ufe0f <strong>Havaalan\u0131 bekleme salonu:<\/strong><\/th><th class=\"has-text-align-left\" data-align=\"left\">\u23f0 <strong>Saatler:<\/strong><\/th><th class=\"has-text-align-left\" data-align=\"left\">\ud83d\udccd <strong>Konum:<\/strong><\/th><\/tr><\/thead><tbody><tr><td class=\"has-text-align-left\" data-align=\"left\">iGA Uluslararas\u0131 Lounge<\/td><td class=\"has-text-align-left\" data-align=\"left\">24 Saat <\/td><td class=\"has-text-align-left\" data-align=\"left\"><a href=\"https:\/\/maps.app.goo.gl\/ipWsUAfz2GfrWpug6\" target=\"_blank\" data-type=\"link\" data-id=\"https:\/\/maps.app.goo.gl\/ipWsUAfz2GfrWpug6\" rel=\"noreferrer noopener\"><span style=\"text-decoration: underline;\">Harita<\/span><\/a><\/td><\/tr><tr><td class=\"has-text-align-left\" data-align=\"left\">SkyTeam Dinlenme Salonu<\/td><td class=\"has-text-align-left\" data-align=\"left\">24 Saat<\/td><td class=\"has-text-align-left\" data-align=\"left\"><span style=\"text-decoration: underline;\"><a href=\"https:\/\/maps.app.goo.gl\/w8ArueVf3coF95W49\" target=\"_blank\" data-type=\"link\" data-id=\"https:\/\/maps.app.goo.gl\/w8ArueVf3coF95W49\" rel=\"noreferrer noopener\">Harita<\/a><\/span><\/td><\/tr><tr><td class=\"has-text-align-left\" data-align=\"left\">T\u00fcrk Hava Yollar\u0131 Business Lounge<gwmw style=\"display:none;\"><\/gwmw><\/td><td class=\"has-text-align-left\" data-align=\"left\">24 Saat<\/td><td class=\"has-text-align-left\" data-align=\"left\"><span style=\"text-decoration: underline;\"><a href=\"https:\/\/maps.app.goo.gl\/PWDy9Wu649WLWscUA\" target=\"_blank\" data-type=\"link\" data-id=\"https:\/\/maps.app.goo.gl\/PWDy9Wu649WLWscUA\" rel=\"noreferrer noopener\">Harita<\/a><\/span><\/td><\/tr><tr><td class=\"has-text-align-left\" data-align=\"left\">T\u00fcrk Hava Yollar\u0131 \u00d6zel Yolcu Salonu Miles &amp; Smiles<\/td><td class=\"has-text-align-left\" data-align=\"left\">24 Saat<\/td><td class=\"has-text-align-left\" data-align=\"left\"><a href=\"https:\/\/maps.app.goo.gl\/AVwBSMG7b1PMGRdV9\" target=\"_blank\" rel=\"noreferrer noopener\"><span style=\"text-decoration: underline;\">Harita<\/span><\/a><\/td><\/tr><tr><td class=\"has-text-align-left\" data-align=\"left\">Pop Up Lounge<\/td><td class=\"has-text-align-left\" data-align=\"left\">24 Saat <\/td><td class=\"has-text-align-left\" data-align=\"left\"><span style=\"text-decoration: underline;\"><a href=\"https:\/\/maps.app.goo.gl\/DvppTeFLdodLAnZj9\" target=\"_blank\" data-type=\"link\" data-id=\"https:\/\/maps.app.goo.gl\/DvppTeFLdodLAnZj9\" rel=\"noreferrer noopener\">Harita<\/a><\/span><\/td><\/tr><\/tbody><\/table><\/figure>\n\n<\/div>\n<\/div>\n\n<div class=\"gb-container gb-container-2a5fc2b1\" id=\"domestic-terminal-lounges\">\n<div class=\"gb-container gb-container-31da079b\">\n\n<h2 class=\"gb-headline gb-headline-6b61957e gb-headline-text\">\u0130\u00e7 Hatlar Terminal Salonlar\u0131<\/h2>\n\n\n\n<p>\u0130stanbul Havaliman\u0131 \u0130\u00e7 Hatlar Terminali'nde dinlenmek, rahatlamak veya i\u015flerinizi halletmek i\u00e7in m\u00fckemmel olan iyi donan\u0131ml\u0131 iki salon bulunmaktad\u0131r.<gwmw style=\"display: none; background-color: transparent;\"><\/gwmw><gwmw style=\"display: none; background-color: transparent;\"><\/gwmw><gwmw style=\"display: none; background-color: transparent;\"><\/gwmw><gwmw style=\"display: none; background-color: transparent;\"><\/gwmw><gwmw style=\"display: none; background-color: transparent;\"><\/gwmw><gwmw style=\"display:none;\"><\/gwmw><\/p>\n\n\n\n<h3 class=\"gb-headline gb-headline-bc00a2a9 gb-headline-text\">1. iGA Domestic Lounge<\/h3>\n\n\n\n<ul class=\"wp-block-list\">\n<li><strong>Konum<\/strong>: \u0130\u00e7 Hatlar Terminali, G\u00fcvenlik \u0130\u00e7i, 11. Kap\u0131ya Yak\u0131n<\/li>\n\n\n\n<li><strong>\u00c7al\u0131\u015fma Saatleri<\/strong>: G\u00fcnl\u00fck 24 Saat<\/li>\n\n\n\n<li><strong>Kapasite<\/strong>: 140 konuk<\/li>\n\n\n\n<li><strong>Hizmetler<\/strong>: Dinlenme alanlar\u0131, Wi-Fi, a\u00e7\u0131k b\u00fcfe ve yiyecek-i\u00e7ecek alan\u0131, alkoll\u00fc ve alkols\u00fcz i\u00e7ecekler, dijital gazete ve dergiler (PressReader), u\u00e7u\u015f bilgi ekranlar\u0131, \u00fccretsiz masajlar, bilgisayarl\u0131 \u00e7al\u0131\u015fma istasyonu ve bask\u0131 olanaklar\u0131<\/li>\n\n\n\n<li><strong>Eri\u015fim<\/strong>:<strong> <\/strong>iGA Pass Kart sahipleri (Plus, Extra ve Premium), Ba\u011fl\u0131 Kurulu\u015f yolcular\u0131, anla\u015fmal\u0131 seyahat programlar\u0131 \u00fcyeleri (Priority Pass, Dragon Pass), iGA Daily Pass sahipleri, bankodan bireysel al\u0131\u015fveri\u015f yapan yolcular, dijital al\u0131\u015fveri\u015f yapan yolcular, iGA Meet and Greet Hizmetini kullanan yolcular<\/li>\n\n\n\n<li><strong>Web sitesi:<\/strong> <a href=\"https:\/\/maps.app.goo.gl\/39wQ1JEteWDcArK3A\" target=\"_blank\" rel=\"noreferrer noopener\"><span style=\"text-decoration: underline;\">iGA \u0130\u00e7 Hatlar Salonu<\/span><\/a><\/li>\n<\/ul>\n\n\n\n<h3 class=\"gb-headline gb-headline-8d5ce148 gb-headline-text\">2. T\u00fcrk Hava Yollar\u0131 \u0130\u00e7 Hatlar Salonu <\/h3>\n\n\n\n<ul class=\"wp-block-list\">\n<li><strong>Konum<\/strong>: \u0130\u00e7 Hatlar Terminali, G\u00fcvenlik D\u0131\u015f\u0131nda, G6 ve G7 Kap\u0131lar\u0131n\u0131n Kar\u015f\u0131s\u0131nda<\/li>\n\n\n\n<li><strong>\u00c7al\u0131\u015fma Saatleri<\/strong>: G\u00fcnl\u00fck 24 saat <\/li>\n\n\n\n<li><strong>Hizmetler<\/strong>: Wi-Fi, toplant\u0131 odalar\u0131, \u00e7ocuklar i\u00e7in oyun alan\u0131, dijital gazeteler, dergiler, alkoll\u00fc ve alkols\u00fcz i\u00e7ecek se\u00e7enekleri, dinlenme alanlar\u0131, a\u00e7\u0131k b\u00fcfe ve yemek alan\u0131<\/li>\n\n\n\n<li><strong>Web sitesi:<\/strong> <a href=\"https:\/\/www.turkishairlines.com\/en-int\/flights\/fly-different\/domestic-lounge\/\" data-type=\"link\" data-id=\"https:\/\/www.turkishairlines.com\/en-int\/flights\/fly-different\/domestic-lounge\/\" target=\"_blank\" rel=\"noreferrer noopener\"><span style=\"text-decoration: underline;\">T\u00fcrk Hava Yollar\u0131 \u0130\u00e7 Hatlar Salonu<\/span><\/a><gwmw style=\"display:none;\"><\/gwmw><\/li>\n<\/ul>\n\n\n\n<h4 class=\"gb-headline gb-headline-d411a22b gb-headline-text\">Eri\u015fim ve Gereksinimler:<\/h4>\n\n\n\n<ul class=\"wp-block-list\">\n<li>T\u00fcrk Hava Yollar\u0131'n\u0131n i\u00e7 hat u\u00e7u\u015flar\u0131<\/li>\n\n\n\n<li>Business Class yolcular\u0131<\/li>\n\n\n\n<li>Ekonomi S\u0131n\u0131f\u0131nda seyahat eden Miles&amp;Smiles Classic Plus \u00dcyeleri<\/li>\n\n\n\n<li>Economy Class'ta seyahat eden Elite ve Elite Plus \u00dcyeler (bir misafir veya e\u015fleri ve \u00e7ocuklar\u0131 ile birlikte)<\/li>\n\n\n\n<li>Turkish Airlines Corporate Club \u00fcyeleri ayn\u0131 g\u00fcn i\u00e7erisinde ba\u011flant\u0131l\u0131 d\u0131\u015f hat u\u00e7u\u015flar\u0131nda (bir misafir e\u015fli\u011finde)<\/li>\n\n\n\n<li>Economy Class'ta seyahat eden Star Alliance Gold \u00dcyeleri (bir misafir ile)<gwmw style=\"display:none;\"><\/gwmw><\/li>\n<\/ul>\n\n<\/div>\n<\/div>\n\n<div class=\"gb-container gb-container-88fbad3f\">\n<div class=\"gb-container gb-container-c1a5582d\">\n\n<h3 class=\"gb-headline gb-headline-9bba5b44 gb-headline-text\">Dinlenme Salonlar\u0131 Listesi (\u0130\u00e7 Hatlar Terminali)<\/h3>\n\n\n\n<figure class=\"wp-block-table\"><table><thead><tr><th class=\"has-text-align-left\" data-align=\"left\">\u2708\ufe0f Airport Lounge<\/th><th class=\"has-text-align-left\" data-align=\"left\">\u23f0 <strong>Saatler:<\/strong><\/th><th class=\"has-text-align-left\" data-align=\"left\">\ud83d\udccd <strong>Konum:<\/strong><\/th><\/tr><\/thead><tbody><tr><td class=\"has-text-align-left\" data-align=\"left\">iGA \u0130\u00e7 Hatlar Salonu<\/td><td class=\"has-text-align-left\" data-align=\"left\">24 Saat <\/td><td class=\"has-text-align-left\" data-align=\"left\"><span style=\"text-decoration: underline;\"><a href=\"https:\/\/maps.app.goo.gl\/GYFhUvDoeMTPz1k19\" target=\"_blank\" data-type=\"link\" data-id=\"https:\/\/maps.app.goo.gl\/GYFhUvDoeMTPz1k19\" rel=\"noreferrer noopener\">Harita<\/a><\/span><\/td><\/tr><tr><td class=\"has-text-align-left\" data-align=\"left\">T\u00fcrk Hava Yollar\u0131 \u0130\u00e7 Hatlar Salonu<\/td><td class=\"has-text-align-left\" data-align=\"left\">24 Saat <\/td><td class=\"has-text-align-left\" data-align=\"left\">N\/A<\/td><\/tr><\/tbody><\/table><\/figure>\n\n<\/div>\n<\/div>","protected":false},"excerpt":{"rendered":"<p>D\u0131\u015f Hatlar Terminali Yolcu Salonlar\u0131 \u0130stanbul Havaliman\u0131 D\u0131\u015f Hatlar Terminali'nde \u00e7e\u015fitli yolcu salonlar\u0131 bulunmaktad\u0131r. Her biri konforlu bir atmosfere ve \u00e7ok \u00e7e\u015fitli olanaklara sahiptir. 1. \u0130GA International Lounge 2. SkyTeam Lounge SkyTeam \u00d6zel Yolcu Salonu 3. T\u00fcrk Hava Yollar\u0131 Business Lounge 4. T\u00fcrk Hava Yollar\u0131 Miles &amp; Smiles \u00d6zel Yolcu Salonu Eri\u015fim ve Gereksinimler: 5. Pop Up Lounge Dinlenme Salonlar\u0131 Listesi ... <a title=\"\u0130stanbul Havaliman\u0131 Yolcu Salonlar\u0131\" class=\"read-more\" href=\"https:\/\/theistanbulairport.com\/tr\/airport-lounges\/\" aria-label=\"\u0130stanbul Havaliman\u0131 Yolcu Salonlar\u0131 hakk\u0131nda daha fazla bilgi edinin\">Daha fazla bilgi edinin<\/a><\/p>","protected":false},"author":1,"featured_media":0,"parent":0,"menu_order":0,"comment_status":"closed","ping_status":"closed","template":"","meta":{"_monsterinsights_skip_tracking":false,"_monsterinsights_sitenote_active":false,"_monsterinsights_sitenote_note":"","_monsterinsights_sitenote_category":0,"footnotes":""},"class_list":["post-11377","page","type-page","status-publish"],"_links":{"self":[{"href":"https:\/\/theistanbulairport.com\/tr\/wp-json\/wp\/v2\/pages\/11377","targetHints":{"allow":["GET"]}}],"collection":[{"href":"https:\/\/theistanbulairport.com\/tr\/wp-json\/wp\/v2\/pages"}],"about":[{"href":"https:\/\/theistanbulairport.com\/tr\/wp-json\/wp\/v2\/types\/page"}],"author":[{"embeddable":true,"href":"https:\/\/theistanbulairport.com\/tr\/wp-json\/wp\/v2\/users\/1"}],"replies":[{"embeddable":true,"href":"https:\/\/theistanbulairport.com\/tr\/wp-json\/wp\/v2\/comments?post=11377"}],"version-history":[{"count":30,"href":"https:\/\/theistanbulairport.com\/tr\/wp-json\/wp\/v2\/pages\/11377\/revisions"}],"predecessor-version":[{"id":11700,"href":"https:\/\/theistanbulairport.com\/tr\/wp-json\/wp\/v2\/pages\/11377\/revisions\/11700"}],"wp:attachment":[{"href":"https:\/\/theistanbulairport.com\/tr\/wp-json\/wp\/v2\/media?parent=11377"}],"curies":[{"name":"wp","href":"https:\/\/api.w.org\/{rel}","templated":true}]}}